{"id":259644,"date":"2024-08-18T21:39:09","date_gmt":"2024-08-18T19:39:09","guid":{"rendered":"https:\/\/zyrcled.com\/verification\/"},"modified":"2024-10-22T20:09:32","modified_gmt":"2024-10-22T18:09:32","slug":"verification","status":"publish","type":"page","link":"https:\/\/zyrcled.com\/en\/verification\/","title":{"rendered":"Verification"},"content":{"rendered":"<p>[et_pb_section fb_built=&#8221;1&#8243; _builder_version=&#8221;4.27.0&#8243; _module_preset=&#8221;default&#8221; global_colors_info=&#8221;{}&#8221;][et_pb_row _builder_version=&#8221;4.27.0&#8243; _module_preset=&#8221;default&#8221; global_colors_info=&#8221;{}&#8221;][et_pb_column type=&#8221;4_4&#8243; _builder_version=&#8221;4.27.0&#8243; _module_preset=&#8221;default&#8221; global_colors_info=&#8221;{}&#8221;][et_pb_text _builder_version=&#8221;4.27.0&#8243; _module_preset=&#8221;default&#8221; global_colors_info=&#8221;{}&#8221;]<\/p>\n<h1 style=\"text-align: center;\">Verify your profile<\/h1>\n<p>&nbsp;<\/p>\n<p>To verify your profile, go to the bottom navigation bar in the app to profile, then the option verify profile.<\/p>\n<p>Inside verify profile you will see a 10 digit code like this one <span style=\"font-size: 14pt;\"><strong>6juTvHHSNv <\/strong><\/span> <\/p>\n<p>1.- Write it down on a piece of paper with a pen and read it clearly (there are also those who use a tablet, the computer, another cell phone, etc). <\/p>\n<p>2.- Click on upload photo in the app on your cell phone.<\/p>\n<p>3.- Give the camera permissions requested by the app.<\/p>\n<p>4.- Hold the paper or device where you can see the code and take a selfie with the cell phone where you have the app.<\/p>\n<p>5.- The photo is sent directly so that we can validate it correctly.<\/p>\n<p>[\/et_pb_text][et_pb_image src=&#8221;https:\/\/zyrcled.com\/wp-content\/uploads\/2024\/08\/Verif2.jpg&#8221; title_text=&#8221;Verif2&#8243; _builder_version=&#8221;4.27.0&#8243; _module_preset=&#8221;default&#8221; hover_enabled=&#8221;0&#8243; global_colors_info=&#8221;{}&#8221; sticky_enabled=&#8221;0&#8243;][\/et_pb_image][\/et_pb_column][\/et_pb_row][\/et_pb_section]<\/p>\n","protected":false},"excerpt":{"rendered":"<p>Verify your profile &nbsp; To verify your profile, go to the bottom navigation bar in the app to profile, then the option verify profile. Inside verify profile you will see a 10 digit code like this one 6juTvHHSNv 1.- Write it down on a piece of paper with a pen and read it clearly (there [&hellip;]<\/p>\n","protected":false},"author":1,"featured_media":0,"parent":0,"menu_order":0,"comment_status":"closed","ping_status":"closed","template":"","meta":{"_et_pb_use_builder":"on","_et_pb_old_content":"","_et_gb_content_width":"","footnotes":""},"class_list":["post-259644","page","type-page","status-publish","hentry"],"yoast_head":"<!-- This site is optimized with the Yoast SEO Premium plugin v22.8 (Yoast SEO v26.5) - https:\/\/yoast.com\/wordpress\/plugins\/seo\/ -->\n<title>Verification - Zyrcled<\/title>\n<meta name=\"robots\" content=\"index, follow, max-snippet:-1, max-image-preview:large, max-video-preview:-1\" \/>\n<link rel=\"canonical\" href=\"https:\/\/zyrcled.com\/en\/verification\/\" \/>\n<meta property=\"og:locale\" content=\"en_US\" \/>\n<meta property=\"og:type\" content=\"article\" \/>\n<meta property=\"og:title\" content=\"Verification\" \/>\n<meta property=\"og:description\" content=\"Verify your profile &nbsp; To verify your profile, go to the bottom navigation bar in the app to profile, then the option verify profile. Inside verify profile you will see a 10 digit code like this one 6juTvHHSNv 1.- Write it down on a piece of paper with a pen and read it clearly (there [&hellip;]\" \/>\n<meta property=\"og:url\" content=\"https:\/\/zyrcled.com\/en\/verification\/\" \/>\n<meta property=\"og:site_name\" content=\"Zyrcled\" \/>\n<meta property=\"article:modified_time\" content=\"2024-10-22T18:09:32+00:00\" \/>\n<meta property=\"og:image\" content=\"https:\/\/zyrcled.com\/wp-content\/uploads\/2024\/06\/Isotipo_morado_zyrcled.png\" \/>\n\t<meta property=\"og:image:width\" content=\"800\" \/>\n\t<meta property=\"og:image:height\" content=\"748\" \/>\n\t<meta property=\"og:image:type\" content=\"image\/png\" \/>\n<meta name=\"twitter:card\" content=\"summary_large_image\" \/>\n<meta name=\"twitter:label1\" content=\"Est. reading time\" \/>\n\t<meta name=\"twitter:data1\" content=\"1 minute\" \/>\n<script type=\"application\/ld+json\" class=\"yoast-schema-graph\">{\"@context\":\"https:\/\/schema.org\",\"@graph\":[{\"@type\":\"WebPage\",\"@id\":\"https:\/\/zyrcled.com\/en\/verification\/\",\"url\":\"https:\/\/zyrcled.com\/en\/verification\/\",\"name\":\"Verification - Zyrcled\",\"isPartOf\":{\"@id\":\"https:\/\/zyrcled.com\/en\/#website\"},\"datePublished\":\"2024-08-18T19:39:09+00:00\",\"dateModified\":\"2024-10-22T18:09:32+00:00\",\"breadcrumb\":{\"@id\":\"https:\/\/zyrcled.com\/en\/verification\/#breadcrumb\"},\"inLanguage\":\"en-US\",\"potentialAction\":[{\"@type\":\"ReadAction\",\"target\":[\"https:\/\/zyrcled.com\/en\/verification\/\"]}]},{\"@type\":\"BreadcrumbList\",\"@id\":\"https:\/\/zyrcled.com\/en\/verification\/#breadcrumb\",\"itemListElement\":[{\"@type\":\"ListItem\",\"position\":1,\"name\":\"Portada\",\"item\":\"https:\/\/zyrcled.com\/en\/\"},{\"@type\":\"ListItem\",\"position\":2,\"name\":\"Verification\"}]},{\"@type\":\"WebSite\",\"@id\":\"https:\/\/zyrcled.com\/en\/#website\",\"url\":\"https:\/\/zyrcled.com\/en\/\",\"name\":\"Zyrcled\",\"description\":\"Zyrcled app de citas espa\u00f1ola liberal\",\"publisher\":{\"@id\":\"https:\/\/zyrcled.com\/en\/#organization\"},\"alternateName\":\"App de citas Zyrcled\",\"potentialAction\":[{\"@type\":\"SearchAction\",\"target\":{\"@type\":\"EntryPoint\",\"urlTemplate\":\"https:\/\/zyrcled.com\/en\/?s={search_term_string}\"},\"query-input\":{\"@type\":\"PropertyValueSpecification\",\"valueRequired\":true,\"valueName\":\"search_term_string\"}}],\"inLanguage\":\"en-US\"},{\"@type\":\"Organization\",\"@id\":\"https:\/\/zyrcled.com\/en\/#organization\",\"name\":\"Zyrcled Social Group\",\"url\":\"https:\/\/zyrcled.com\/en\/\",\"logo\":{\"@type\":\"ImageObject\",\"inLanguage\":\"en-US\",\"@id\":\"https:\/\/zyrcled.com\/en\/#\/schema\/logo\/image\/\",\"url\":\"https:\/\/zyrcled.com\/wp-content\/uploads\/2024\/06\/Isotipo_morado_zyrcled.png\",\"contentUrl\":\"https:\/\/zyrcled.com\/wp-content\/uploads\/2024\/06\/Isotipo_morado_zyrcled.png\",\"width\":800,\"height\":748,\"caption\":\"Zyrcled Social Group\"},\"image\":{\"@id\":\"https:\/\/zyrcled.com\/en\/#\/schema\/logo\/image\/\"},\"sameAs\":[\"https:\/\/www.linkedin.com\/company\/zyrcled-sl\/?originalSubdomain=es\",\"https:\/\/www.youtube.com\/channel\/UCFjPyc4fMOxwJD81OJjpnpg\",\"https:\/\/www.instagram.com\/zyrcled\/\"],\"description\":\"Zyrcled, una app de citas nacida en Espa\u00f1a, dise\u00f1ada por mujeres que lidera un movimiento de liberaci\u00f3n sexual femenina y la sexualidad liberal.\",\"email\":\"lydia@zyrcled.com\",\"legalName\":\"Zyrcled Social Group\"}]}<\/script>\n<!-- \/ Yoast SEO Premium plugin. -->","yoast_head_json":{"title":"Verification - Zyrcled","robots":{"index":"index","follow":"follow","max-snippet":"max-snippet:-1","max-image-preview":"max-image-preview:large","max-video-preview":"max-video-preview:-1"},"canonical":"https:\/\/zyrcled.com\/en\/verification\/","og_locale":"en_US","og_type":"article","og_title":"Verification","og_description":"Verify your profile &nbsp; To verify your profile, go to the bottom navigation bar in the app to profile, then the option verify profile. Inside verify profile you will see a 10 digit code like this one 6juTvHHSNv 1.- Write it down on a piece of paper with a pen and read it clearly (there [&hellip;]","og_url":"https:\/\/zyrcled.com\/en\/verification\/","og_site_name":"Zyrcled","article_modified_time":"2024-10-22T18:09:32+00:00","og_image":[{"width":800,"height":748,"url":"https:\/\/zyrcled.com\/wp-content\/uploads\/2024\/06\/Isotipo_morado_zyrcled.png","type":"image\/png"}],"twitter_card":"summary_large_image","twitter_misc":{"Est. reading time":"1 minute"},"schema":{"@context":"https:\/\/schema.org","@graph":[{"@type":"WebPage","@id":"https:\/\/zyrcled.com\/en\/verification\/","url":"https:\/\/zyrcled.com\/en\/verification\/","name":"Verification - Zyrcled","isPartOf":{"@id":"https:\/\/zyrcled.com\/en\/#website"},"datePublished":"2024-08-18T19:39:09+00:00","dateModified":"2024-10-22T18:09:32+00:00","breadcrumb":{"@id":"https:\/\/zyrcled.com\/en\/verification\/#breadcrumb"},"inLanguage":"en-US","potentialAction":[{"@type":"ReadAction","target":["https:\/\/zyrcled.com\/en\/verification\/"]}]},{"@type":"BreadcrumbList","@id":"https:\/\/zyrcled.com\/en\/verification\/#breadcrumb","itemListElement":[{"@type":"ListItem","position":1,"name":"Portada","item":"https:\/\/zyrcled.com\/en\/"},{"@type":"ListItem","position":2,"name":"Verification"}]},{"@type":"WebSite","@id":"https:\/\/zyrcled.com\/en\/#website","url":"https:\/\/zyrcled.com\/en\/","name":"Zyrcled","description":"Zyrcled app de citas espa\u00f1ola liberal","publisher":{"@id":"https:\/\/zyrcled.com\/en\/#organization"},"alternateName":"App de citas Zyrcled","potentialAction":[{"@type":"SearchAction","target":{"@type":"EntryPoint","urlTemplate":"https:\/\/zyrcled.com\/en\/?s={search_term_string}"},"query-input":{"@type":"PropertyValueSpecification","valueRequired":true,"valueName":"search_term_string"}}],"inLanguage":"en-US"},{"@type":"Organization","@id":"https:\/\/zyrcled.com\/en\/#organization","name":"Zyrcled Social Group","url":"https:\/\/zyrcled.com\/en\/","logo":{"@type":"ImageObject","inLanguage":"en-US","@id":"https:\/\/zyrcled.com\/en\/#\/schema\/logo\/image\/","url":"https:\/\/zyrcled.com\/wp-content\/uploads\/2024\/06\/Isotipo_morado_zyrcled.png","contentUrl":"https:\/\/zyrcled.com\/wp-content\/uploads\/2024\/06\/Isotipo_morado_zyrcled.png","width":800,"height":748,"caption":"Zyrcled Social Group"},"image":{"@id":"https:\/\/zyrcled.com\/en\/#\/schema\/logo\/image\/"},"sameAs":["https:\/\/www.linkedin.com\/company\/zyrcled-sl\/?originalSubdomain=es","https:\/\/www.youtube.com\/channel\/UCFjPyc4fMOxwJD81OJjpnpg","https:\/\/www.instagram.com\/zyrcled\/"],"description":"Zyrcled, una app de citas nacida en Espa\u00f1a, dise\u00f1ada por mujeres que lidera un movimiento de liberaci\u00f3n sexual femenina y la sexualidad liberal.","email":"lydia@zyrcled.com","legalName":"Zyrcled Social Group"}]}},"_links":{"self":[{"href":"https:\/\/zyrcled.com\/en\/wp-json\/wp\/v2\/pages\/259644","targetHints":{"allow":["GET"]}}],"collection":[{"href":"https:\/\/zyrcled.com\/en\/wp-json\/wp\/v2\/pages"}],"about":[{"href":"https:\/\/zyrcled.com\/en\/wp-json\/wp\/v2\/types\/page"}],"author":[{"embeddable":true,"href":"https:\/\/zyrcled.com\/en\/wp-json\/wp\/v2\/users\/1"}],"replies":[{"embeddable":true,"href":"https:\/\/zyrcled.com\/en\/wp-json\/wp\/v2\/comments?post=259644"}],"version-history":[{"count":2,"href":"https:\/\/zyrcled.com\/en\/wp-json\/wp\/v2\/pages\/259644\/revisions"}],"predecessor-version":[{"id":259648,"href":"https:\/\/zyrcled.com\/en\/wp-json\/wp\/v2\/pages\/259644\/revisions\/259648"}],"wp:attachment":[{"href":"https:\/\/zyrcled.com\/en\/wp-json\/wp\/v2\/media?parent=259644"}],"curies":[{"name":"wp","href":"https:\/\/api.w.org\/{rel}","templated":true}]}}