{"id":259631,"date":"2024-05-15T12:49:39","date_gmt":"2024-05-15T10:49:39","guid":{"rendered":"https:\/\/zyrcled.com\/information\/"},"modified":"2024-10-22T20:09:29","modified_gmt":"2024-10-22T18:09:29","slug":"information","status":"publish","type":"page","link":"https:\/\/zyrcled.com\/en\/information\/","title":{"rendered":"Information"},"content":{"rendered":"<p>[et_pb_section fb_built=&#8221;1&#8243; admin_label=&#8221;section&#8221; _builder_version=&#8221;4.16&#8243; global_colors_info=&#8221;{}&#8221;][et_pb_row admin_label=&#8221;row&#8221; _builder_version=&#8221;4.16&#8243; background_size=&#8221;initial&#8221; background_position=&#8221;top_left&#8221; background_repeat=&#8221;repeat&#8221; global_colors_info=&#8221;{}&#8221;][et_pb_column type=&#8221;4_4&#8243; _builder_version=&#8221;4.16&#8243; custom_padding=&#8221;|||&#8221; global_colors_info=&#8221;{}&#8221; custom_padding__hover=&#8221;|||&#8221;][et_pb_divider show_divider=&#8221;off&#8221; _builder_version=&#8221;4.25.2&#8243; _module_preset=&#8221;default&#8221; custom_margin=&#8221;||51px||false|false&#8221; custom_margin_tablet=&#8221;||51px||false|false&#8221; custom_margin_phone=&#8221;||-25px||false|false&#8221; custom_margin_last_edited=&#8221;on|phone&#8221; global_colors_info=&#8221;{}&#8221;][\/et_pb_divider][et_pb_text admin_label=&#8221;Text&#8221; _builder_version=&#8221;4.25.2&#8243; text_font=&#8221;&#8211;et_global_body_font||||||||&#8221; text_line_height=&#8221;1.5em&#8221; header_font=&#8221;&#8211;et_global_heading_font||||||||&#8221; header_font_size=&#8221;28px&#8221; header_2_font=&#8221;|600|||||||&#8221; header_2_text_color=&#8221;#333333&#8243; header_2_font_size=&#8221;28px&#8221; header_2_line_height=&#8221;1.2em&#8221; header_5_font=&#8221;||||||||&#8221; background_size=&#8221;initial&#8221; background_position=&#8221;top_left&#8221; background_repeat=&#8221;repeat&#8221; custom_margin=&#8221;||50px||false|false&#8221; hover_enabled=&#8221;0&#8243; header_2_font_size_tablet=&#8221;30px&#8221; header_2_font_size_phone=&#8221;28px&#8221; header_2_font_size_last_edited=&#8221;on|phone&#8221; global_colors_info=&#8221;{}&#8221; sticky_enabled=&#8221;0&#8243;]<\/p>\n<p><!-- divi:heading --><\/p>\n<h2 class=\"wp-block-heading\">Today we take a giant step forward in the world of dating.<\/h2>\n<p>&nbsp;<\/p>\n<p><!-- \/divi:heading --><\/p>\n<p><!-- divi:paragraph --><\/p>\n<p><!-- \/divi:paragraph --><\/p>\n<p style=\"text-align: justify;\"><!-- divi:paragraph -->At <a href=\"htps:\/\/zyrcled.com\">Zyrcled<\/a>, you take a giant step into a new dimension of dating and sexual exploration. Here, you, as a woman, take the reins. But it&#8217;s not just about taking the first step as might happen in other apps; it&#8217;s about leading every aspect of your sexual experience. Here you define the desire, the environment, the circumstances and the conditions of your sexual encounters, exactly as you prefer.   <\/p>\n<p><!-- \/divi:paragraph --><\/p>\n<p style=\"text-align: justify;\"><!-- divi:paragraph -->In our community, you are not just one among thousands of men. You set the rules, ensure your safety and lead your experience from start to finish.   <strong>Zyrcled is distinguished by its commitment to quality over quantity.<\/strong>  We offer a safe space where you can go out and celebrate your sexuality with total freedom, enjoying respect and safety as a rule, not as an exception.<\/p>\n<p style=\"text-align: justify;\"><!-- \/divi:paragraph --><\/p>\n<p style=\"text-align: justify;\"><!-- divi:paragraph -->Do you like sex? At Zyrcled, we celebrate it with you. Whatever your preference: heterosexual, bisexual, threesomes, exchanges, orgies, BDSM&#8230; everything revolves around you. Because here, our goal is to break taboos and end prejudices.   <\/p>\n<p style=\"text-align: justify;\"><!-- \/divi:paragraph --><\/p>\n<p style=\"text-align: justify;\"><!-- divi:paragraph -->This is the time for a true sexual revolution, one in which safe, consensual sex puts you, the woman, at the center of it all.<\/p>\n<p style=\"text-align: justify;\"><!-- \/divi:paragraph --><\/p>\n<p style=\"text-align: justify;\"><!-- divi:paragraph -->It&#8217;s time to admit it: you love sex in all its forms. And we offer you the tools to enjoy it the way you want, always on your terms. <\/p>\n<p style=\"text-align: justify;\"><!-- \/divi:paragraph --><\/p>\n<p style=\"text-align: justify;\"><!-- divi:paragraph -->However, although you have the reins in Zyrcled, we want you to know that our app is a space designed for everyone to enjoy freely. It&#8217;s a place designed for women, but everyone who wants to use it will have the same rights and freedoms, it&#8217;s an inclusive space where people of all genders and sexual orientations are welcome to explore and enjoy together. At Zyrcled, we are redefining sex dating, inviting you to take control of your sex life.  <\/p>\n<p style=\"text-align: justify;\"><!-- \/divi:paragraph --><\/p>\n<p><!-- divi:paragraph -->It&#8217;s time to take control. Follow our activity on <a href=\"https:\/\/www.instagram.com\/zyrcled\/\">Instagram<\/a> <\/p>\n<p><!-- \/divi:paragraph --><\/p>\n<p><!-- divi:quote --><\/p>\n<blockquote class=\"wp-block-quote\">\n<p style=\"text-align: justify;\"><!-- divi:paragraph -->I am deeply proud of the community we are creating and the safe space we offer for sexual exploration. In a saturated dating market, Zyrcled emerges not just as an option, but as the first choice for those seeking a more authentic, liberal, respectful and consensual experience. We have designed our app with the vision of empowering women to take control of their sex lives, while inviting both women and men to enjoy themselves freely in an environment of mutual respect and safety. This distinguishes us and positions us as leaders in the sexual revolution. Our commitment to quality, safety and inclusivity is what makes Zyrcled a unique place to connect, explore and enjoy sexuality without taboos or prejudice. I am honored to lead this change and continue to move forward towards a community where every person can live their sexuality fully and without fear. Let&#8217;s make a difference.      <\/p>\n<h5 style=\"text-align: justify;\"><\/h5>\n<h5><!-- \/divi:paragraph --><em><cite>Lydia Vargas CEO<\/cite><\/em><\/h5>\n<\/blockquote>\n<p><!-- \/divi:quote --><\/p>\n<p>[\/et_pb_text][\/et_pb_column][\/et_pb_row][et_pb_row _builder_version=&#8221;4.25.1&#8243; _module_preset=&#8221;default&#8221; global_colors_info=&#8221;{}&#8221;][et_pb_column type=&#8221;4_4&#8243; _builder_version=&#8221;4.25.1&#8243; _module_preset=&#8221;default&#8221; global_colors_info=&#8221;{}&#8221;][et_pb_text _builder_version=&#8221;4.25.1&#8243; _module_preset=&#8221;default&#8221; header_font=&#8221;|600|||||||&#8221; header_text_color=&#8221;#333333&#8243; header_font_size=&#8221;28px&#8221; header_line_height=&#8221;1.2em&#8221; header_2_font_size=&#8221;28px&#8221; header_font_size_tablet=&#8221;&#8221; header_font_size_phone=&#8221;28px&#8221; header_font_size_last_edited=&#8221;on|phone&#8221; global_colors_info=&#8221;{}&#8221;]<\/p>\n<h1>Why choose Zyrcled for your dating experience?<\/h1>\n<p>[\/et_pb_text][\/et_pb_column][\/et_pb_row][et_pb_row column_structure=&#8221;1_2,1_2&#8243; _builder_version=&#8221;4.25.1&#8243; _module_preset=&#8221;default&#8221; global_colors_info=&#8221;{}&#8221;][et_pb_column type=&#8221;1_2&#8243; _builder_version=&#8221;4.25.1&#8243; _module_preset=&#8221;default&#8221; global_colors_info=&#8221;{}&#8221;][et_pb_image src=&#8221;https:\/\/zyrcled.com\/wp-content\/uploads\/2024\/05\/Zyrcled.jpg&#8221; title_text=&#8221;Zyrcled&#8221; _builder_version=&#8221;4.25.1&#8243; _module_preset=&#8221;default&#8221; global_colors_info=&#8221;{}&#8221;][\/et_pb_image][\/et_pb_column][et_pb_column type=&#8221;1_2&#8243; _builder_version=&#8221;4.25.1&#8243; _module_preset=&#8221;default&#8221; global_colors_info=&#8221;{}&#8221;][et_pb_text _builder_version=&#8221;4.25.1&#8243; _module_preset=&#8221;default&#8221; global_colors_info=&#8221;{}&#8221;]<\/p>\n<h3><span style=\"text-align: justify;\">Reflections<\/span><\/h3>\n<p><span style=\"text-align: justify;\"><\/span><\/p>\n<p><span style=\"text-align: justify;\">In a saturated digital dating landscape, where popular apps often resort to the use of bots that detract from genuine interactions and lack effective safety and trust measures, opting for Zyrcled means choosing a community that prioritizes mutual respect, inclusivity, safety and sexual freedom.  <\/span><\/p>\n<p><span style=\"text-align: justify;\">Here, you embark on an exciting adventure, meeting people who share your longing for authentic and meaningful connections.<\/span><\/p>\n<div class=\"flex flex-col px-5 py-1 pr-10\">\n<div class=\"transition-opacity duration-200 group relative w-auto max-w-full text-small @4xl:text-body @md:max-w-[90%] @4xl:max-w-[85%] break-words whitespace-pre-wrap flex flex-col space-y-1 @md:space-y-2 incoming self-start items-start\" data-testid=\"chat-message-jasper\">\n<div id=\"message--Nxvww_rrelENdip7LgT\" class=\"max-w-full border rounded-2xl py-1.5 px-2.5 sm:px-6 relative space-y-4 w-full @md:w-auto border-gray-300 py-4\">\n<div class=\"break-words markdown-formatted-text\">\n<p class=\"py-1.5 [&amp;_br]:block [&amp;_br]:py-1.5 [&amp;_br]:content-['']\" style=\"text-align: justify;\">At Zyrcled, selection precedes swiping. This ensures that the intentions of those who match you will resonate with yours, promoting more intentional and deeper encounters. <\/p>\n<p class=\"py-1.5 [&amp;_br]:block [&amp;_br]:py-1.5 [&amp;_br]:content-['']\" style=\"text-align: justify;\">If what you are looking for transcends superficial contacts, if you want real experiences in an environment that celebrates your autonomy and pleasure, Zyrcled is the place for you.<\/p>\n<p class=\"py-1.5 [&amp;_br]:block [&amp;_br]:py-1.5 [&amp;_br]:content-['']\" style=\"text-align: justify;\">In addition, being part of Zyrcled involves you in a revolutionary movement of sexual liberation, ushering in a worldwide shift towards greater openness and acceptance.<\/p>\n<\/div>\n<\/div>\n<\/div>\n<\/div>\n<p>[\/et_pb_text][\/et_pb_column][\/et_pb_row][et_pb_row _builder_version=&#8221;4.25.1&#8243; _module_preset=&#8221;default&#8221; global_colors_info=&#8221;{}&#8221;][et_pb_column type=&#8221;4_4&#8243; _builder_version=&#8221;4.25.1&#8243; _module_preset=&#8221;default&#8221; global_colors_info=&#8221;{}&#8221;][et_pb_divider show_divider=&#8221;off&#8221; _builder_version=&#8221;4.25.1&#8243; _module_preset=&#8221;default&#8221; custom_margin=&#8221;40px||||false|false&#8221; global_colors_info=&#8221;{}&#8221;][\/et_pb_divider][\/et_pb_column][\/et_pb_row][\/et_pb_section]<\/p>\n","protected":false},"excerpt":{"rendered":"<p>Today we take a giant step forward in the world of dating. &nbsp; At Zyrcled, you take a giant step into a new dimension of dating and sexual exploration. Here, you, as a woman, take the reins. But it&#8217;s not just about taking the first step as might happen in other apps; it&#8217;s about leading [&hellip;]<\/p>\n","protected":false},"author":2,"featured_media":0,"parent":0,"menu_order":0,"comment_status":"closed","ping_status":"closed","template":"","meta":{"_et_pb_use_builder":"on","_et_pb_old_content":"","_et_gb_content_width":"","footnotes":""},"class_list":["post-259631","page","type-page","status-publish","hentry"],"yoast_head":"<!-- This site is optimized with the Yoast SEO Premium plugin v22.8 (Yoast SEO v26.5) - https:\/\/yoast.com\/wordpress\/plugins\/seo\/ -->\n<title>Information - Zyrcled Liberal dating site. Couples, even threesomes and beyond.<\/title>\n<meta name=\"description\" content=\"Why choose Zyrcled as a dating app? Zyrcled means choosing respect, inclusion, safety and sexual freedom.\" \/>\n<meta name=\"robots\" content=\"index, follow, max-snippet:-1, max-image-preview:large, max-video-preview:-1\" \/>\n<link rel=\"canonical\" href=\"https:\/\/zyrcled.com\/en\/information\/\" \/>\n<meta property=\"og:locale\" content=\"en_US\" \/>\n<meta property=\"og:type\" content=\"article\" \/>\n<meta property=\"og:title\" content=\"Information\" \/>\n<meta property=\"og:description\" content=\"Why choose Zyrcled as a dating app? Zyrcled means choosing respect, inclusion, safety and sexual freedom.\" \/>\n<meta property=\"og:url\" content=\"https:\/\/zyrcled.com\/en\/information\/\" \/>\n<meta property=\"og:site_name\" content=\"Zyrcled\" \/>\n<meta property=\"article:modified_time\" content=\"2024-10-22T18:09:29+00:00\" \/>\n<meta property=\"og:image\" content=\"https:\/\/zyrcled.com\/wp-content\/uploads\/2024\/06\/Isotipo_morado_zyrcled.png\" \/>\n\t<meta property=\"og:image:width\" content=\"800\" \/>\n\t<meta property=\"og:image:height\" content=\"748\" \/>\n\t<meta property=\"og:image:type\" content=\"image\/png\" \/>\n<meta name=\"twitter:card\" content=\"summary_large_image\" \/>\n<meta name=\"twitter:label1\" content=\"Est. reading time\" \/>\n\t<meta name=\"twitter:data1\" content=\"5 minutes\" \/>\n<script type=\"application\/ld+json\" class=\"yoast-schema-graph\">{\"@context\":\"https:\/\/schema.org\",\"@graph\":[{\"@type\":\"WebPage\",\"@id\":\"https:\/\/zyrcled.com\/en\/information\/\",\"url\":\"https:\/\/zyrcled.com\/en\/information\/\",\"name\":\"Information - Zyrcled Liberal dating site. Couples, even threesomes and beyond.\",\"isPartOf\":{\"@id\":\"https:\/\/zyrcled.com\/en\/#website\"},\"datePublished\":\"2024-05-15T10:49:39+00:00\",\"dateModified\":\"2024-10-22T18:09:29+00:00\",\"description\":\"Why choose Zyrcled as a dating app? Zyrcled means choosing respect, inclusion, safety and sexual freedom.\",\"breadcrumb\":{\"@id\":\"https:\/\/zyrcled.com\/en\/information\/#breadcrumb\"},\"inLanguage\":\"en-US\",\"potentialAction\":[{\"@type\":\"ReadAction\",\"target\":[\"https:\/\/zyrcled.com\/en\/information\/\"]}]},{\"@type\":\"BreadcrumbList\",\"@id\":\"https:\/\/zyrcled.com\/en\/information\/#breadcrumb\",\"itemListElement\":[{\"@type\":\"ListItem\",\"position\":1,\"name\":\"Portada\",\"item\":\"https:\/\/zyrcled.com\/en\/\"},{\"@type\":\"ListItem\",\"position\":2,\"name\":\"Information\"}]},{\"@type\":\"WebSite\",\"@id\":\"https:\/\/zyrcled.com\/en\/#website\",\"url\":\"https:\/\/zyrcled.com\/en\/\",\"name\":\"Zyrcled\",\"description\":\"Zyrcled app de citas espa\u00f1ola liberal\",\"publisher\":{\"@id\":\"https:\/\/zyrcled.com\/en\/#organization\"},\"alternateName\":\"App de citas Zyrcled\",\"potentialAction\":[{\"@type\":\"SearchAction\",\"target\":{\"@type\":\"EntryPoint\",\"urlTemplate\":\"https:\/\/zyrcled.com\/en\/?s={search_term_string}\"},\"query-input\":{\"@type\":\"PropertyValueSpecification\",\"valueRequired\":true,\"valueName\":\"search_term_string\"}}],\"inLanguage\":\"en-US\"},{\"@type\":\"Organization\",\"@id\":\"https:\/\/zyrcled.com\/en\/#organization\",\"name\":\"Zyrcled Social Group\",\"url\":\"https:\/\/zyrcled.com\/en\/\",\"logo\":{\"@type\":\"ImageObject\",\"inLanguage\":\"en-US\",\"@id\":\"https:\/\/zyrcled.com\/en\/#\/schema\/logo\/image\/\",\"url\":\"https:\/\/zyrcled.com\/wp-content\/uploads\/2024\/06\/Isotipo_morado_zyrcled.png\",\"contentUrl\":\"https:\/\/zyrcled.com\/wp-content\/uploads\/2024\/06\/Isotipo_morado_zyrcled.png\",\"width\":800,\"height\":748,\"caption\":\"Zyrcled Social Group\"},\"image\":{\"@id\":\"https:\/\/zyrcled.com\/en\/#\/schema\/logo\/image\/\"},\"sameAs\":[\"https:\/\/www.linkedin.com\/company\/zyrcled-sl\/?originalSubdomain=es\",\"https:\/\/www.youtube.com\/channel\/UCFjPyc4fMOxwJD81OJjpnpg\",\"https:\/\/www.instagram.com\/zyrcled\/\"],\"description\":\"Zyrcled, una app de citas nacida en Espa\u00f1a, dise\u00f1ada por mujeres que lidera un movimiento de liberaci\u00f3n sexual femenina y la sexualidad liberal.\",\"email\":\"lydia@zyrcled.com\",\"legalName\":\"Zyrcled Social Group\"}]}<\/script>\n<!-- \/ Yoast SEO Premium plugin. -->","yoast_head_json":{"title":"Information - Zyrcled Liberal dating site. Couples, even threesomes and beyond.","description":"Why choose Zyrcled as a dating app? Zyrcled means choosing respect, inclusion, safety and sexual freedom.","robots":{"index":"index","follow":"follow","max-snippet":"max-snippet:-1","max-image-preview":"max-image-preview:large","max-video-preview":"max-video-preview:-1"},"canonical":"https:\/\/zyrcled.com\/en\/information\/","og_locale":"en_US","og_type":"article","og_title":"Information","og_description":"Why choose Zyrcled as a dating app? Zyrcled means choosing respect, inclusion, safety and sexual freedom.","og_url":"https:\/\/zyrcled.com\/en\/information\/","og_site_name":"Zyrcled","article_modified_time":"2024-10-22T18:09:29+00:00","og_image":[{"width":800,"height":748,"url":"https:\/\/zyrcled.com\/wp-content\/uploads\/2024\/06\/Isotipo_morado_zyrcled.png","type":"image\/png"}],"twitter_card":"summary_large_image","twitter_misc":{"Est. reading time":"5 minutes"},"schema":{"@context":"https:\/\/schema.org","@graph":[{"@type":"WebPage","@id":"https:\/\/zyrcled.com\/en\/information\/","url":"https:\/\/zyrcled.com\/en\/information\/","name":"Information - Zyrcled Liberal dating site. Couples, even threesomes and beyond.","isPartOf":{"@id":"https:\/\/zyrcled.com\/en\/#website"},"datePublished":"2024-05-15T10:49:39+00:00","dateModified":"2024-10-22T18:09:29+00:00","description":"Why choose Zyrcled as a dating app? Zyrcled means choosing respect, inclusion, safety and sexual freedom.","breadcrumb":{"@id":"https:\/\/zyrcled.com\/en\/information\/#breadcrumb"},"inLanguage":"en-US","potentialAction":[{"@type":"ReadAction","target":["https:\/\/zyrcled.com\/en\/information\/"]}]},{"@type":"BreadcrumbList","@id":"https:\/\/zyrcled.com\/en\/information\/#breadcrumb","itemListElement":[{"@type":"ListItem","position":1,"name":"Portada","item":"https:\/\/zyrcled.com\/en\/"},{"@type":"ListItem","position":2,"name":"Information"}]},{"@type":"WebSite","@id":"https:\/\/zyrcled.com\/en\/#website","url":"https:\/\/zyrcled.com\/en\/","name":"Zyrcled","description":"Zyrcled app de citas espa\u00f1ola liberal","publisher":{"@id":"https:\/\/zyrcled.com\/en\/#organization"},"alternateName":"App de citas Zyrcled","potentialAction":[{"@type":"SearchAction","target":{"@type":"EntryPoint","urlTemplate":"https:\/\/zyrcled.com\/en\/?s={search_term_string}"},"query-input":{"@type":"PropertyValueSpecification","valueRequired":true,"valueName":"search_term_string"}}],"inLanguage":"en-US"},{"@type":"Organization","@id":"https:\/\/zyrcled.com\/en\/#organization","name":"Zyrcled Social Group","url":"https:\/\/zyrcled.com\/en\/","logo":{"@type":"ImageObject","inLanguage":"en-US","@id":"https:\/\/zyrcled.com\/en\/#\/schema\/logo\/image\/","url":"https:\/\/zyrcled.com\/wp-content\/uploads\/2024\/06\/Isotipo_morado_zyrcled.png","contentUrl":"https:\/\/zyrcled.com\/wp-content\/uploads\/2024\/06\/Isotipo_morado_zyrcled.png","width":800,"height":748,"caption":"Zyrcled Social Group"},"image":{"@id":"https:\/\/zyrcled.com\/en\/#\/schema\/logo\/image\/"},"sameAs":["https:\/\/www.linkedin.com\/company\/zyrcled-sl\/?originalSubdomain=es","https:\/\/www.youtube.com\/channel\/UCFjPyc4fMOxwJD81OJjpnpg","https:\/\/www.instagram.com\/zyrcled\/"],"description":"Zyrcled, una app de citas nacida en Espa\u00f1a, dise\u00f1ada por mujeres que lidera un movimiento de liberaci\u00f3n sexual femenina y la sexualidad liberal.","email":"lydia@zyrcled.com","legalName":"Zyrcled Social Group"}]}},"_links":{"self":[{"href":"https:\/\/zyrcled.com\/en\/wp-json\/wp\/v2\/pages\/259631","targetHints":{"allow":["GET"]}}],"collection":[{"href":"https:\/\/zyrcled.com\/en\/wp-json\/wp\/v2\/pages"}],"about":[{"href":"https:\/\/zyrcled.com\/en\/wp-json\/wp\/v2\/types\/page"}],"author":[{"embeddable":true,"href":"https:\/\/zyrcled.com\/en\/wp-json\/wp\/v2\/users\/2"}],"replies":[{"embeddable":true,"href":"https:\/\/zyrcled.com\/en\/wp-json\/wp\/v2\/comments?post=259631"}],"version-history":[{"count":2,"href":"https:\/\/zyrcled.com\/en\/wp-json\/wp\/v2\/pages\/259631\/revisions"}],"predecessor-version":[{"id":259636,"href":"https:\/\/zyrcled.com\/en\/wp-json\/wp\/v2\/pages\/259631\/revisions\/259636"}],"wp:attachment":[{"href":"https:\/\/zyrcled.com\/en\/wp-json\/wp\/v2\/media?parent=259631"}],"curies":[{"name":"wp","href":"https:\/\/api.w.org\/{rel}","templated":true}]}}