{"id":259617,"date":"2024-07-04T17:35:39","date_gmt":"2024-07-04T15:35:39","guid":{"rendered":"https:\/\/zyrcled.com\/uploading-photos-and-videos\/"},"modified":"2024-10-22T20:09:31","modified_gmt":"2024-10-22T18:09:31","slug":"uploading-photos-and-videos","status":"publish","type":"page","link":"https:\/\/zyrcled.com\/en\/uploading-photos-and-videos\/","title":{"rendered":"Uploading photos and videos"},"content":{"rendered":"<p>[et_pb_section fb_built=&#8221;1&#8243; _builder_version=&#8221;4.16&#8243; custom_padding=&#8221;2px|||||&#8221; global_colors_info=&#8221;{}&#8221;][et_pb_row _builder_version=&#8221;4.16&#8243; background_size=&#8221;initial&#8221; background_position=&#8221;top_left&#8221; background_repeat=&#8221;repeat&#8221; custom_padding=&#8221;11px|||||&#8221; global_colors_info=&#8221;{}&#8221;][et_pb_column type=&#8221;4_4&#8243; _builder_version=&#8221;4.16&#8243; custom_padding=&#8221;|||&#8221; global_colors_info=&#8221;{}&#8221; custom_padding__hover=&#8221;|||&#8221;][et_pb_text _builder_version=&#8221;4.27.0&#8243; header_font=&#8221;|600|||||||&#8221; header_font_size=&#8221;28px&#8221; header_3_font=&#8221;|600|||||||&#8221; background_size=&#8221;initial&#8221; background_position=&#8221;top_left&#8221; background_repeat=&#8221;repeat&#8221; custom_margin=&#8221;-1px||0px||false|false&#8221; hover_enabled=&#8221;0&#8243; global_colors_info=&#8221;{}&#8221; sticky_enabled=&#8221;0&#8243;]<\/p>\n<p>&nbsp;<\/p>\n<p>&nbsp;<\/p>\n<p>&nbsp;<\/p>\n<p>&nbsp;<\/p>\n<h1><strong>Rules for uploading photos and videos on Zyrcled<\/strong><\/h1>\n<p>To ensure a safe and respectful experience for all our users, we have established the following rules for uploading photos and videos to our app. Please read these rules carefully before uploading any content. <\/p>\n<p>&nbsp;<\/p>\n<h3><strong>Prohibition of explicit content in public areas of the app.<\/strong><\/h3>\n<p>Uploading photos or videos containing nudity or pornography of any kind is not allowed in the public areas of the app.<\/p>\n<p>Content depicting violence, aggressive attitudes or any form of abuse is strictly prohibited.<\/p>\n<h3> <\/h3>\n<h3>Protection of minors<\/h3>\n<p>It is strictly forbidden to upload photos or videos that include minors (persons under 18 years of age), regardless of the context.<\/p>\n<p>&nbsp;<\/p>\n<h3>Respect and consent<\/h3>\n<p>You are only allowed to upload your own content or content for which you have the explicit consent of all persons appearing in it.<\/p>\n<p>It is not allowed to upload content that may be offensive, humiliating or disrespectful to other users.<\/p>\n<p>&nbsp;<\/p>\n<h3>Rules for private photos<\/h3>\n<h4>Nudity and sensual content<\/h4>\n<p>In the private photos section, users can upload nude photos and videos, as long as they comply with the rules of respect and consent.<\/p>\n<p>All private content must be appropriately marked as such and will be accessible only to users authorized by the uploader.<\/p>\n<p>&nbsp;<\/p>\n<h3>Confidentiality<\/h3>\n<p>Private photos and videos should be kept confidential and should not be shared outside the platform without the consent of the person who uploaded them.<\/p>\n<p>&nbsp;<\/p>\n<h3>Moderation and compliance<\/h3>\n<h4>Content review<\/h4>\n<p>Zyrcled reserves the right to review and moderate all content uploaded to the platform to ensure compliance with these rules.<\/p>\n<h4>Consequences of noncompliance<\/h4>\n<p>Any violation of these rules may result in the removal of the content and the suspension or deletion of the offending user&#8217;s account.<\/p>\n<p>In cases of serious violations, such as the uploading of illegal content, Zyrcled will take appropriate legal action.<\/p>\n<p>&nbsp;<\/p>\n<p><em>Thank you for your collaboration and for contributing to make Zyrcled a safe and respectful space for everyone.<\/em><\/p>\n<p>&nbsp;<\/p>\n<p>&nbsp;<\/p>\n<p>&nbsp;<\/p>\n<p>[\/et_pb_text][\/et_pb_column][\/et_pb_row][\/et_pb_section]<\/p>\n","protected":false},"excerpt":{"rendered":"<p>&nbsp; &nbsp; &nbsp; &nbsp; Rules for uploading photos and videos on Zyrcled To ensure a safe and respectful experience for all our users, we have established the following rules for uploading photos and videos to our app. Please read these rules carefully before uploading any content. &nbsp; Prohibition of explicit content in public areas of [&hellip;]<\/p>\n","protected":false},"author":1,"featured_media":0,"parent":0,"menu_order":0,"comment_status":"closed","ping_status":"closed","template":"","meta":{"_et_pb_use_builder":"on","_et_pb_old_content":"","_et_gb_content_width":"","footnotes":""},"class_list":["post-259617","page","type-page","status-publish","hentry"],"yoast_head":"<!-- This site is optimized with the Yoast SEO Premium plugin v22.8 (Yoast SEO v26.5) - https:\/\/yoast.com\/wordpress\/plugins\/seo\/ -->\n<title>Uploading photos and videos - Zyrcled<\/title>\n<meta name=\"robots\" content=\"index, follow, max-snippet:-1, max-image-preview:large, max-video-preview:-1\" \/>\n<link rel=\"canonical\" href=\"https:\/\/zyrcled.com\/en\/uploading-photos-and-videos\/\" \/>\n<meta property=\"og:locale\" content=\"en_US\" \/>\n<meta property=\"og:type\" content=\"article\" \/>\n<meta property=\"og:title\" content=\"Uploading photos and videos\" \/>\n<meta property=\"og:description\" content=\"&nbsp; &nbsp; &nbsp; &nbsp; Rules for uploading photos and videos on Zyrcled To ensure a safe and respectful experience for all our users, we have established the following rules for uploading photos and videos to our app. Please read these rules carefully before uploading any content. &nbsp; Prohibition of explicit content in public areas of [&hellip;]\" \/>\n<meta property=\"og:url\" content=\"https:\/\/zyrcled.com\/en\/uploading-photos-and-videos\/\" \/>\n<meta property=\"og:site_name\" content=\"Zyrcled\" \/>\n<meta property=\"article:modified_time\" content=\"2024-10-22T18:09:31+00:00\" \/>\n<meta property=\"og:image\" content=\"https:\/\/zyrcled.com\/wp-content\/uploads\/2024\/06\/Isotipo_morado_zyrcled.png\" \/>\n\t<meta property=\"og:image:width\" content=\"800\" \/>\n\t<meta property=\"og:image:height\" content=\"748\" \/>\n\t<meta property=\"og:image:type\" content=\"image\/png\" \/>\n<meta name=\"twitter:card\" content=\"summary_large_image\" \/>\n<meta name=\"twitter:label1\" content=\"Est. reading time\" \/>\n\t<meta name=\"twitter:data1\" content=\"2 minutes\" \/>\n<script type=\"application\/ld+json\" class=\"yoast-schema-graph\">{\"@context\":\"https:\/\/schema.org\",\"@graph\":[{\"@type\":\"WebPage\",\"@id\":\"https:\/\/zyrcled.com\/en\/uploading-photos-and-videos\/\",\"url\":\"https:\/\/zyrcled.com\/en\/uploading-photos-and-videos\/\",\"name\":\"Uploading photos and videos - Zyrcled\",\"isPartOf\":{\"@id\":\"https:\/\/zyrcled.com\/en\/#website\"},\"datePublished\":\"2024-07-04T15:35:39+00:00\",\"dateModified\":\"2024-10-22T18:09:31+00:00\",\"breadcrumb\":{\"@id\":\"https:\/\/zyrcled.com\/en\/uploading-photos-and-videos\/#breadcrumb\"},\"inLanguage\":\"en-US\",\"potentialAction\":[{\"@type\":\"ReadAction\",\"target\":[\"https:\/\/zyrcled.com\/en\/uploading-photos-and-videos\/\"]}]},{\"@type\":\"BreadcrumbList\",\"@id\":\"https:\/\/zyrcled.com\/en\/uploading-photos-and-videos\/#breadcrumb\",\"itemListElement\":[{\"@type\":\"ListItem\",\"position\":1,\"name\":\"Portada\",\"item\":\"https:\/\/zyrcled.com\/en\/\"},{\"@type\":\"ListItem\",\"position\":2,\"name\":\"Uploading photos and videos\"}]},{\"@type\":\"WebSite\",\"@id\":\"https:\/\/zyrcled.com\/en\/#website\",\"url\":\"https:\/\/zyrcled.com\/en\/\",\"name\":\"Zyrcled\",\"description\":\"Zyrcled app de citas espa\u00f1ola liberal\",\"publisher\":{\"@id\":\"https:\/\/zyrcled.com\/en\/#organization\"},\"alternateName\":\"App de citas Zyrcled\",\"potentialAction\":[{\"@type\":\"SearchAction\",\"target\":{\"@type\":\"EntryPoint\",\"urlTemplate\":\"https:\/\/zyrcled.com\/en\/?s={search_term_string}\"},\"query-input\":{\"@type\":\"PropertyValueSpecification\",\"valueRequired\":true,\"valueName\":\"search_term_string\"}}],\"inLanguage\":\"en-US\"},{\"@type\":\"Organization\",\"@id\":\"https:\/\/zyrcled.com\/en\/#organization\",\"name\":\"Zyrcled Social Group\",\"url\":\"https:\/\/zyrcled.com\/en\/\",\"logo\":{\"@type\":\"ImageObject\",\"inLanguage\":\"en-US\",\"@id\":\"https:\/\/zyrcled.com\/en\/#\/schema\/logo\/image\/\",\"url\":\"https:\/\/zyrcled.com\/wp-content\/uploads\/2024\/06\/Isotipo_morado_zyrcled.png\",\"contentUrl\":\"https:\/\/zyrcled.com\/wp-content\/uploads\/2024\/06\/Isotipo_morado_zyrcled.png\",\"width\":800,\"height\":748,\"caption\":\"Zyrcled Social Group\"},\"image\":{\"@id\":\"https:\/\/zyrcled.com\/en\/#\/schema\/logo\/image\/\"},\"sameAs\":[\"https:\/\/www.linkedin.com\/company\/zyrcled-sl\/?originalSubdomain=es\",\"https:\/\/www.youtube.com\/channel\/UCFjPyc4fMOxwJD81OJjpnpg\",\"https:\/\/www.instagram.com\/zyrcled\/\"],\"description\":\"Zyrcled, una app de citas nacida en Espa\u00f1a, dise\u00f1ada por mujeres que lidera un movimiento de liberaci\u00f3n sexual femenina y la sexualidad liberal.\",\"email\":\"lydia@zyrcled.com\",\"legalName\":\"Zyrcled Social Group\"}]}<\/script>\n<!-- \/ Yoast SEO Premium plugin. -->","yoast_head_json":{"title":"Uploading photos and videos - Zyrcled","robots":{"index":"index","follow":"follow","max-snippet":"max-snippet:-1","max-image-preview":"max-image-preview:large","max-video-preview":"max-video-preview:-1"},"canonical":"https:\/\/zyrcled.com\/en\/uploading-photos-and-videos\/","og_locale":"en_US","og_type":"article","og_title":"Uploading photos and videos","og_description":"&nbsp; &nbsp; &nbsp; &nbsp; Rules for uploading photos and videos on Zyrcled To ensure a safe and respectful experience for all our users, we have established the following rules for uploading photos and videos to our app. Please read these rules carefully before uploading any content. &nbsp; Prohibition of explicit content in public areas of [&hellip;]","og_url":"https:\/\/zyrcled.com\/en\/uploading-photos-and-videos\/","og_site_name":"Zyrcled","article_modified_time":"2024-10-22T18:09:31+00:00","og_image":[{"width":800,"height":748,"url":"https:\/\/zyrcled.com\/wp-content\/uploads\/2024\/06\/Isotipo_morado_zyrcled.png","type":"image\/png"}],"twitter_card":"summary_large_image","twitter_misc":{"Est. reading time":"2 minutes"},"schema":{"@context":"https:\/\/schema.org","@graph":[{"@type":"WebPage","@id":"https:\/\/zyrcled.com\/en\/uploading-photos-and-videos\/","url":"https:\/\/zyrcled.com\/en\/uploading-photos-and-videos\/","name":"Uploading photos and videos - Zyrcled","isPartOf":{"@id":"https:\/\/zyrcled.com\/en\/#website"},"datePublished":"2024-07-04T15:35:39+00:00","dateModified":"2024-10-22T18:09:31+00:00","breadcrumb":{"@id":"https:\/\/zyrcled.com\/en\/uploading-photos-and-videos\/#breadcrumb"},"inLanguage":"en-US","potentialAction":[{"@type":"ReadAction","target":["https:\/\/zyrcled.com\/en\/uploading-photos-and-videos\/"]}]},{"@type":"BreadcrumbList","@id":"https:\/\/zyrcled.com\/en\/uploading-photos-and-videos\/#breadcrumb","itemListElement":[{"@type":"ListItem","position":1,"name":"Portada","item":"https:\/\/zyrcled.com\/en\/"},{"@type":"ListItem","position":2,"name":"Uploading photos and videos"}]},{"@type":"WebSite","@id":"https:\/\/zyrcled.com\/en\/#website","url":"https:\/\/zyrcled.com\/en\/","name":"Zyrcled","description":"Zyrcled app de citas espa\u00f1ola liberal","publisher":{"@id":"https:\/\/zyrcled.com\/en\/#organization"},"alternateName":"App de citas Zyrcled","potentialAction":[{"@type":"SearchAction","target":{"@type":"EntryPoint","urlTemplate":"https:\/\/zyrcled.com\/en\/?s={search_term_string}"},"query-input":{"@type":"PropertyValueSpecification","valueRequired":true,"valueName":"search_term_string"}}],"inLanguage":"en-US"},{"@type":"Organization","@id":"https:\/\/zyrcled.com\/en\/#organization","name":"Zyrcled Social Group","url":"https:\/\/zyrcled.com\/en\/","logo":{"@type":"ImageObject","inLanguage":"en-US","@id":"https:\/\/zyrcled.com\/en\/#\/schema\/logo\/image\/","url":"https:\/\/zyrcled.com\/wp-content\/uploads\/2024\/06\/Isotipo_morado_zyrcled.png","contentUrl":"https:\/\/zyrcled.com\/wp-content\/uploads\/2024\/06\/Isotipo_morado_zyrcled.png","width":800,"height":748,"caption":"Zyrcled Social Group"},"image":{"@id":"https:\/\/zyrcled.com\/en\/#\/schema\/logo\/image\/"},"sameAs":["https:\/\/www.linkedin.com\/company\/zyrcled-sl\/?originalSubdomain=es","https:\/\/www.youtube.com\/channel\/UCFjPyc4fMOxwJD81OJjpnpg","https:\/\/www.instagram.com\/zyrcled\/"],"description":"Zyrcled, una app de citas nacida en Espa\u00f1a, dise\u00f1ada por mujeres que lidera un movimiento de liberaci\u00f3n sexual femenina y la sexualidad liberal.","email":"lydia@zyrcled.com","legalName":"Zyrcled Social Group"}]}},"_links":{"self":[{"href":"https:\/\/zyrcled.com\/en\/wp-json\/wp\/v2\/pages\/259617","targetHints":{"allow":["GET"]}}],"collection":[{"href":"https:\/\/zyrcled.com\/en\/wp-json\/wp\/v2\/pages"}],"about":[{"href":"https:\/\/zyrcled.com\/en\/wp-json\/wp\/v2\/types\/page"}],"author":[{"embeddable":true,"href":"https:\/\/zyrcled.com\/en\/wp-json\/wp\/v2\/users\/1"}],"replies":[{"embeddable":true,"href":"https:\/\/zyrcled.com\/en\/wp-json\/wp\/v2\/comments?post=259617"}],"version-history":[{"count":9,"href":"https:\/\/zyrcled.com\/en\/wp-json\/wp\/v2\/pages\/259617\/revisions"}],"predecessor-version":[{"id":259642,"href":"https:\/\/zyrcled.com\/en\/wp-json\/wp\/v2\/pages\/259617\/revisions\/259642"}],"wp:attachment":[{"href":"https:\/\/zyrcled.com\/en\/wp-json\/wp\/v2\/media?parent=259617"}],"curies":[{"name":"wp","href":"https:\/\/api.w.org\/{rel}","templated":true}]}}