{"id":259215,"date":"2024-03-17T18:13:00","date_gmt":"2024-03-17T17:13:00","guid":{"rendered":"https:\/\/zyrcled.com\/home\/"},"modified":"2024-10-22T20:09:29","modified_gmt":"2024-10-22T18:09:29","slug":"home","status":"publish","type":"page","link":"https:\/\/zyrcled.com\/en\/","title":{"rendered":"Home"},"content":{"rendered":"<p>[et_pb_section fb_built=&#8221;1&#8243; _builder_version=&#8221;4.24.2&#8243; _module_preset=&#8221;default&#8221; custom_padding=&#8221;0px|||||&#8221; global_colors_info=&#8221;{}&#8221;][et_pb_row _builder_version=&#8221;4.25.2&#8243; _module_preset=&#8221;default&#8221; custom_margin_tablet=&#8221;&#8221; custom_margin_phone=&#8221;-40px||||false|false&#8221; custom_margin_last_edited=&#8221;on|phone&#8221; custom_padding=&#8221;0px||7px|||&#8221; global_colors_info=&#8221;{}&#8221;][et_pb_column type=&#8221;4_4&#8243; _builder_version=&#8221;4.24.2&#8243; _module_preset=&#8221;default&#8221; global_colors_info=&#8221;{}&#8221;][et_pb_divider show_divider=&#8221;off&#8221; _builder_version=&#8221;4.24.2&#8243; _module_preset=&#8221;default&#8221; custom_padding=&#8221;||13px|||&#8221; global_colors_info=&#8221;{}&#8221;][\/et_pb_divider][\/et_pb_column][\/et_pb_row][et_pb_row column_structure=&#8221;2_5,3_5&#8243; _builder_version=&#8221;4.25.2&#8243; _module_preset=&#8221;default&#8221; width=&#8221;90%&#8221; max_width=&#8221;1110px&#8221; custom_margin=&#8221;65px|auto||auto|false|false&#8221; custom_margin_tablet=&#8221;10px||||false|false&#8221; custom_margin_phone=&#8221;-60px||||false|false&#8221; custom_margin_last_edited=&#8221;on|phone&#8221; global_colors_info=&#8221;{}&#8221;][et_pb_column type=&#8221;2_5&#8243; _builder_version=&#8221;4.24.2&#8243; _module_preset=&#8221;default&#8221; global_colors_info=&#8221;{}&#8221;][et_pb_text content_tablet=&#8221;<\/p>\n<h1 style=%22text-align: left;%22><span style=%22color: #813489;%22>Break<\/span> the rules and live your <span style=%22color: #813489;%22>couple&apos;<span style=%22color: #333333;%22>s<\/span><\/span> fantasy up to <span style=%22color: #813489;%22>threesomes<\/span> and beyond. <span style=%22color: #813489;%22>Liberal <\/span> sexuality knows no <span style=%22color: #813489;%22>limits<\/span>. <\/h1>\n<p>&#8221; content_phone=&#8221;<\/p>\n<h1 style=%22text-align: left;%22><span style=%22color: #813489;%22>Break<\/span> the rules and<br \/>live your fantasy.<br \/><span style=%22color: #813489;%22><span style=%22color: #333333;%22>from<\/span> couples<\/span> to <span style=%22color: #813489;%22>threesomes<\/span> and beyond. <span style=%22color: #813489;%22>Liberal <\/span> sexuality<br \/>knows no <span style=%22color: #813489;%22>limits<\/span>. <\/h1>\n<p>&#8221; content_last_edited=&#8221;on|phone&#8221; _builder_version=&#8221;4.27.2&#8243; _module_preset=&#8221;default&#8221; header_font=&#8221;Roboto|700|||||||&#8221; header_font_size=&#8221;45px&#8221; header_line_height=&#8221;1.2em&#8221; header_2_font=&#8221;&#8211;et_global_heading_font|700|||||||&#8221; header_2_font_size=&#8221;43px&#8221; custom_margin=&#8221;0px||||false|false&#8221; custom_margin_tablet=&#8221;85px||||false|false&#8221; custom_margin_phone=&#8221;20px||||false|false&#8221; custom_margin_last_edited=&#8221;on|tablet&#8221; header_font_size_tablet=&#8221;45px&#8221; header_font_size_phone=&#8221;35px&#8221; header_font_size_last_edited=&#8221;on|phone&#8221; global_colors_info=&#8221;{}&#8221;]<\/p>\n<h1 style=\"text-align: left;\"><span style=\"color: #813489;\">Break<\/span> the rules and<br \/>live your fantasy.<br \/><span style=\"color: #813489;\"><span style=\"color: #333333;\">from<\/span> couples<\/span> to <span style=\"color: #813489;\">threesomes<\/span> and beyond. <span style=\"color: #813489;\">Liberal <\/span> sexuality<br \/>knows no <span style=\"color: #813489;\">limits<\/span>. <\/h1>\n<p>[\/et_pb_text][dsm_button _builder_version=&#8221;4.24.2&#8243; _module_preset=&#8221;default&#8221; global_colors_info=&#8221;{}&#8221;][\/dsm_button][et_pb_divider show_divider=&#8221;off&#8221; _builder_version=&#8221;4.27.0&#8243; _module_preset=&#8221;default&#8221; custom_margin=&#8221;100px||||false|false&#8221; custom_margin_tablet=&#8221;0px||||false|false&#8221; custom_margin_phone=&#8221;0px||||false|false&#8221; custom_margin_last_edited=&#8221;on|desktop&#8221; global_colors_info=&#8221;{}&#8221;][\/et_pb_divider][et_pb_text _builder_version=&#8221;4.27.0&#8243; _module_preset=&#8221;default&#8221; header_font_size=&#8221;23px&#8221; custom_margin=&#8221;||36px|||&#8221; header_text_align_tablet=&#8221;&#8221; header_text_align_phone=&#8221;center&#8221; header_text_align_last_edited=&#8221;on|phone&#8221; header_font_size_tablet=&#8221;23px&#8221; header_font_size_phone=&#8221;20px&#8221; header_font_size_last_edited=&#8221;on|phone&#8221; global_colors_info=&#8221;{}&#8221;]<\/p>\n<h1>Now <span style=\"color: #000000;\">available<\/span> for <span style=\"color: #813489;\">download<\/span><\/h1>\n<p>[\/et_pb_text][dsm_button button_one_text=&#8221;Link Google Play&#8221; button_one_url=&#8221;https:\/\/play.google.com\/store\/apps\/details?id=es.zyrcled.app&#8221; button_one_lightbox_close_color=&#8221;RGBA(255,255,255,0)&#8221; button_two_text=&#8221;Link Apple Store&#8221; button_two_url=&#8221;https:\/\/apps.apple.com\/es\/app\/zyrcled\/id6504185852&#8243; button_two_lightbox_close_color=&#8221;RGBA(255,255,255,0)&#8221; button_alignment=&#8221;left&#8221; button_alignment_tablet=&#8221;left&#8221; button_alignment_phone=&#8221;center&#8221; button_alignment_last_edited=&#8221;on|tablet&#8221; separator_gap_tablet=&#8221;&#8221; separator_gap_phone=&#8221;&#8221; separator_gap_last_edited=&#8221;on|phone&#8221; _builder_version=&#8221;4.27.0&#8243; _module_preset=&#8221;default&#8221; separator_text_text_color=&#8221;RGBA(255,255,255,0)&#8221; tooltip_one_text_color=&#8221;RGBA(255,255,255,0)&#8221; custom_button_one=&#8221;on&#8221; button_one_text_size=&#8221;20px&#8221; button_one_text_color=&#8221;RGBA(255,255,255,0)&#8221; button_one_bg_image=&#8221;https:\/\/zyrcled.com\/wp-content\/uploads\/2024\/03\/playstore2.jpg&#8221; button_one_border_width=&#8221;2px&#8221; button_one_border_color=&#8221;RGBA(255,255,255,0)&#8221; button_one_border_radius=&#8221;0px&#8221; button_one_use_icon=&#8221;off&#8221; button_one_custom_margin=&#8221;||||false|false&#8221; button_one_custom_padding=&#8221;14px||||false|false&#8221; custom_button_two=&#8221;on&#8221; button_two_text_size=&#8221;20px&#8221; button_two_text_color=&#8221;RGBA(255,255,255,0)&#8221; button_two_bg_image=&#8221;https:\/\/zyrcled.com\/wp-content\/uploads\/2024\/03\/app-store.jpg&#8221; button_two_border_color=&#8221;RGBA(255,255,255,0)&#8221; button_two_border_radius=&#8221;0px&#8221; button_two_use_icon=&#8221;off&#8221; button_two_custom_margin_tablet=&#8221;&#8221; button_two_custom_margin_phone=&#8221;|||10px|false|false&#8221; button_two_custom_margin_last_edited=&#8221;on|phone&#8221; button_two_custom_padding=&#8221;14px||||false|false&#8221; custom_margin=&#8221;|||-5px|false|false&#8221; button_one_text_size_tablet=&#8221;20px&#8221; button_one_text_size_phone=&#8221;17px&#8221; button_one_text_size_last_edited=&#8221;on|desktop&#8221; button_two_text_size_tablet=&#8221;20px&#8221; button_two_text_size_phone=&#8221;17px&#8221; button_two_text_size_last_edited=&#8221;on|phone&#8221; global_colors_info=&#8221;{}&#8221;][\/dsm_button][dsm_button _builder_version=&#8221;4.24.2&#8243; _module_preset=&#8221;default&#8221; global_colors_info=&#8221;{}&#8221;][\/dsm_button][\/et_pb_column][et_pb_column type=&#8221;3_5&#8243; _builder_version=&#8221;4.24.2&#8243; _module_preset=&#8221;default&#8221; global_colors_info=&#8221;{}&#8221;][et_pb_image src=&#8221;https:\/\/zyrcled.com\/wp-content\/uploads\/2024\/06\/Pareja_movil_web-zyrcled_2.png&#8221; title_text=&#8221;Pareja_movil_web-zyrcled_2&#8243; _builder_version=&#8221;4.25.2&#8243; _module_preset=&#8221;default&#8221; background_color=&#8221;RGBA(255,255,255,0)&#8221; width_tablet=&#8221;&#8221; width_phone=&#8221;101%&#8221; width_last_edited=&#8221;on|phone&#8221; max_width=&#8221;101%&#8221; module_alignment=&#8221;center&#8221; max_height=&#8221;1000px&#8221; custom_margin=&#8221;-15px||||false|false&#8221; custom_margin_tablet=&#8221;||||false|false&#8221; custom_margin_phone=&#8221;||||false|false&#8221; custom_margin_last_edited=&#8221;on|phone&#8221; custom_padding=&#8221;0px|||0px|false|false&#8221; custom_padding_tablet=&#8221;0px|||0px|false|false&#8221; custom_padding_phone=&#8221;0px|||0px|false|false&#8221; custom_padding_last_edited=&#8221;on|phone&#8221; global_colors_info=&#8221;{}&#8221;][\/et_pb_image][\/et_pb_column][\/et_pb_row][et_pb_row _builder_version=&#8221;4.24.2&#8243; _module_preset=&#8221;default&#8221; global_colors_info=&#8221;{}&#8221;][et_pb_column type=&#8221;4_4&#8243; _builder_version=&#8221;4.24.2&#8243; _module_preset=&#8221;default&#8221; global_colors_info=&#8221;{}&#8221;][et_pb_text _builder_version=&#8221;4.27.2&#8243; _module_preset=&#8221;default&#8221; global_colors_info=&#8221;{}&#8221;]<\/p>\n<h1 style=\"text-align: center;\"><span style=\"color: #813489;\">We can<\/span> change the way the world views and experiences <span style=\"color: #813489;\">sexuality <\/span>.  <\/h1>\n<h2 style=\"text-align: center;\"><span style=\"color: #813489;\">BROADEN YOUR SEXUAL HORIZON<\/span><\/h2>\n<h1 style=\"text-align: center;\"><\/h1>\n<p>[\/et_pb_text][\/et_pb_column][\/et_pb_row][et_pb_row _builder_version=&#8221;4.24.2&#8243; _module_preset=&#8221;default&#8221; max_width=&#8221;2560px&#8221; global_colors_info=&#8221;{}&#8221; column_structure=&#8221;1_5,3_5,1_5&#8243;][et_pb_column type=&#8221;1_5&#8243; _builder_version=&#8221;4.24.2&#8243; _module_preset=&#8221;default&#8221; global_colors_info=&#8221;{}&#8221;][\/et_pb_column][et_pb_column type=&#8221;3_5&#8243; _builder_version=&#8221;4.24.2&#8243; _module_preset=&#8221;default&#8221; global_colors_info=&#8221;{}&#8221;][et_pb_video src=&#8221;https:\/\/zyrcled.com\/wp-content\/uploads\/2024\/03\/Video-web-zyrcled.mp4&#8243; _builder_version=&#8221;4.27.2&#8243; _module_preset=&#8221;default&#8221; title_text=&#8221;WhatsApp Image 2024-07-05 at 13.05.09&#8243; image_src=&#8221;https:\/\/zyrcled.com\/wp-content\/uploads\/2024\/07\/WhatsApp-Image-2024-07-05-at-13.05.09.jpeg&#8221; hover_enabled=&#8221;0&#8243; sticky_enabled=&#8221;0&#8243;][\/et_pb_video][\/et_pb_column][et_pb_column type=&#8221;1_5&#8243; _builder_version=&#8221;4.24.2&#8243; _module_preset=&#8221;default&#8221; global_colors_info=&#8221;{}&#8221;][\/et_pb_column][\/et_pb_row][et_pb_row _builder_version=&#8221;4.24.2&#8243; _module_preset=&#8221;default&#8221; global_colors_info=&#8221;{}&#8221;][et_pb_column type=&#8221;4_4&#8243; _builder_version=&#8221;4.24.2&#8243; _module_preset=&#8221;default&#8221; global_colors_info=&#8221;{}&#8221;][et_pb_text _builder_version=&#8221;4.27.2&#8243; _module_preset=&#8221;default&#8221; header_line_height=&#8221;1.5em&#8221; width=&#8221;100%&#8221; max_width=&#8221;75%&#8221; max_width_tablet=&#8221;90%&#8221; max_width_phone=&#8221;90%&#8221; max_width_last_edited=&#8221;on|desktop&#8221; module_alignment=&#8221;center&#8221; global_colors_info=&#8221;{}&#8221;]<\/p>\n<h1 style=\"text-align: center;\"><span style=\"color: #813489;\">Zyrcled<\/span> much more than a <span style=\"color: #813489;\">dating<\/span> app <span style=\"color: #813489;\">,<\/span> a movement for<span style=\"color: #813489;\"> sexual liberation<\/span> and liberal sexuality <span style=\"color: #813489;\">.<\/span> <\/h1>\n<p>[\/et_pb_text][\/et_pb_column][\/et_pb_row][et_pb_row column_structure=&#8221;2_5,3_5&#8243; _builder_version=&#8221;4.24.2&#8243; _module_preset=&#8221;default&#8221; global_colors_info=&#8221;{}&#8221;][et_pb_column type=&#8221;2_5&#8243; _builder_version=&#8221;4.24.2&#8243; _module_preset=&#8221;default&#8221; global_colors_info=&#8221;{}&#8221;][et_pb_text _builder_version=&#8221;4.27.2&#8243; _module_preset=&#8221;default&#8221; header_line_height=&#8221;1.4em&#8221; max_width=&#8221;101%&#8221; max_width_tablet=&#8221;50%&#8221; max_width_phone=&#8221;90%&#8221; max_width_last_edited=&#8221;on|phone&#8221; module_alignment=&#8221;left&#8221; global_colors_info=&#8221;{}&#8221;]<\/p>\n<h1 style=\"text-align: justify;\"><span style=\"color: #813489;\">Zyrcled<\/span> your <span style=\"color: #813489;\">passport<\/span> to <span style=\"color: #813489;\"> unprecedented<\/span> sexual freedom<\/h1>\n<p>[\/et_pb_text][et_pb_text _builder_version=&#8221;4.25.1&#8243; _module_preset=&#8221;default&#8221; global_colors_info=&#8221;{}&#8221;]<\/p>\n<p style=\"text-align: justify;\"><span>Zyrcled, your sexual liberation movement. An app where saying &#8220;I am a woman and I enjoy sex&#8221; is celebrated openly, without fear or judgment. Here, men and women can explore pleasure and novelty, breaking down taboos and changing the rules to enjoy sexuality in all its forms.  <\/span><\/p>\n<p>[\/et_pb_text][et_pb_text _builder_version=&#8221;4.25.1&#8243; _module_preset=&#8221;default&#8221; global_colors_info=&#8221;{}&#8221;]<\/p>\n<p style=\"text-align: justify;\"><span>Safety is our priority. At Zyrcled, every interaction begins with the consent of all parties, ensuring a respectful environment. We have developed algorithms specifically designed for women, fostering an empowering experience focused on female pleasure, but without neglecting inclusivity and freedom for all.  <\/span><\/p>\n<p>[\/et_pb_text][et_pb_text _builder_version=&#8221;4.25.1&#8243; _module_preset=&#8221;default&#8221; global_colors_info=&#8221;{}&#8221;]<\/p>\n<p style=\"text-align: justify;\"><span>Authenticity is our commitment. That&#8217;s why we guarantee that all profiles are verified, <strong>eliminating the use of bots<\/strong> to ensure genuine and real interactions. This is your passport to a universe where safe and true sexual exploration is at your fingertips.    <\/span><\/p>\n<p>[\/et_pb_text][\/et_pb_column][et_pb_column type=&#8221;3_5&#8243; _builder_version=&#8221;4.24.2&#8243; _module_preset=&#8221;default&#8221; global_colors_info=&#8221;{}&#8221;][et_pb_image src=&#8221;https:\/\/zyrcled.com\/wp-content\/uploads\/2024\/03\/personas-conectadas-scaled.jpg&#8221; title_text=&#8221;people connected&#8221; _builder_version=&#8221;4.25.1&#8243; _module_preset=&#8221;default&#8221; transform_scale=&#8221;115%|115%&#8221; custom_margin=&#8221;52px||||false|false&#8221; custom_margin_tablet=&#8221;&#8221; custom_margin_phone=&#8221;||-25px||false|false&#8221; custom_margin_last_edited=&#8221;on|phone&#8221; custom_padding=&#8221;0px||||false|false&#8221; global_colors_info=&#8221;{}&#8221;][\/et_pb_image][\/et_pb_column][\/et_pb_row][\/et_pb_section][et_pb_section fb_built=&#8221;1&#8243; _builder_version=&#8221;4.24.2&#8243; _module_preset=&#8221;default&#8221; custom_margin=&#8221;||0px||false|false&#8221; custom_margin_tablet=&#8221;||0px||false|false&#8221; custom_margin_phone=&#8221;||-60px||false|false&#8221; custom_margin_last_edited=&#8221;on|desktop&#8221; custom_padding=&#8221;0px||10px||false|false&#8221; global_colors_info=&#8221;{}&#8221;][et_pb_row _builder_version=&#8221;4.24.2&#8243; _module_preset=&#8221;default&#8221; global_colors_info=&#8221;{}&#8221;][et_pb_column type=&#8221;4_4&#8243; _builder_version=&#8221;4.24.2&#8243; _module_preset=&#8221;default&#8221; global_colors_info=&#8221;{}&#8221;][et_pb_text _builder_version=&#8221;4.27.2&#8243; _module_preset=&#8221;default&#8221; header_font_size=&#8221;31px&#8221; global_colors_info=&#8221;{}&#8221;]<\/p>\n<h1 style=\"text-align: center;\">United for <span style=\"color: #813489;\">sexual<\/span> liberation<\/h1>\n<p>&nbsp;<\/p>\n<p style=\"text-align: justify;\"><span>Discover, learn and connect through our latest articles. In this corner of Zyrcled, we openly address those topics that are still taboo, promoting a healthy and non-judgmental dialogue about sexuality. Each entry in our blog is an invitation to break with convention, offering you fresh and empowering perspectives to live your sexuality freely.  <\/span><\/p>\n<p>[\/et_pb_text][\/et_pb_column][\/et_pb_row][et_pb_row _builder_version=&#8221;4.24.2&#8243; _module_preset=&#8221;default&#8221; global_colors_info=&#8221;{}&#8221;][et_pb_column type=&#8221;4_4&#8243; _builder_version=&#8221;4.24.2&#8243; _module_preset=&#8221;default&#8221; global_colors_info=&#8221;{}&#8221;][et_pb_blog fullwidth=&#8221;off&#8221; posts_number=&#8221;3&#8243; meta_date=&#8221;j-M-Y&#8221; excerpt_length=&#8221;120&#8243; show_author=&#8221;off&#8221; show_pagination=&#8221;off&#8221; _builder_version=&#8221;4.24.2&#8243; _module_preset=&#8221;default&#8221; header_font=&#8221;Roboto||on||||||&#8221; header_text_align=&#8221;left&#8221; header_text_color=&#8221;#575757&#8243; header_font_size=&#8221;18px&#8221; header_letter_spacing=&#8221;1px&#8221; header_line_height=&#8221;1.2em&#8221; body_font=&#8221;|300|||||||&#8221; meta_font=&#8221;||||||||&#8221; border_width_all=&#8221;0px&#8221; border_radii_image=&#8221;on|12px|12px|12px|12px&#8221; global_colors_info=&#8221;{}&#8221;][\/et_pb_blog][et_pb_divider show_divider=&#8221;off&#8221; _builder_version=&#8221;4.25.1&#8243; _module_preset=&#8221;default&#8221; custom_margin=&#8221;||||false|false&#8221; custom_padding=&#8221;25px||||false|false&#8221; global_colors_info=&#8221;{}&#8221;][\/et_pb_divider][\/et_pb_column][\/et_pb_row][\/et_pb_section]<\/p>\n","protected":false},"excerpt":{"rendered":"<p>Break the rules andlive your fantasy.from couples to threesomes and beyond. Liberal sexualityknows no limits. <div class=\"et_pb_module dsm_button dsm_button_0 et_pb_bg_layout_light\">\n\t\t\t\t\n\t\t\t\t\n\t\t\t\t\n\t\t\t\t\n\t\t\t\t\n\t\t\t\t\n\t\t\t\t<div class=\"et_pb_module_inner\">\n\t\t\t\t\t<div class=\"et_pb_button_module_wrappers dsm_button_0_wrapper  et_pb_module\">\n\t\t\t\t\n\t\t\t<\/div>\n\t\t\t\t<\/div>\n\t\t\t<\/div>Now available for download<div class=\"et_pb_module dsm_button dsm_button_1 et_pb_bg_layout_light\">\n\t\t\t\t\n\t\t\t\t\n\t\t\t\t\n\t\t\t\t\n\t\t\t\t\n\t\t\t\t\n\t\t\t\t<div class=\"et_pb_module_inner\">\n\t\t\t\t\t<div class=\"et_pb_button_module_wrappers dsm_button_1_wrapper et_pb_button_alignment_&#8221;left&#8221; et_pb_module\">\n\t\t\t\t<a class=\"et_pb_button et_pb_button_one et_pb_bg_layout_light dsm-none \"  href=\"\" data-dsm-lightbox-id=\"dsm_button_one_lightbox dsm_button_1\">&#8221;Link<\/a><a class=\"et_pb_button et_pb_button_two et_pb_bg_layout_light dsm-none \"  href=\"\" data-dsm-lightbox-id=\"dsm_button_two_lightbox dsm_button_1\">&#8221;Link<\/a>\n\t\t\t<\/div>\n\t\t\t\t<\/div>\n\t\t\t<\/div><\/p>\n","protected":false},"author":1,"featured_media":0,"parent":0,"menu_order":0,"comment_status":"closed","ping_status":"closed","template":"","meta":{"_et_pb_use_builder":"on","_et_pb_old_content":"","_et_gb_content_width":"","footnotes":""},"class_list":["post-259215","page","type-page","status-publish","hentry"],"yoast_head":"<!-- This site is optimized with the Yoast SEO Premium plugin v22.8 (Yoast SEO v26.5) - https:\/\/yoast.com\/wordpress\/plugins\/seo\/ -->\n<title>Home - Zyrcled Dating APP created in Barcelona by women<\/title>\n<meta name=\"description\" content=\"Zyrcled Dating app born in Spain. Expand your sexual horizon. Dating and hookup app especially for women.\" \/>\n<meta name=\"robots\" content=\"index, follow, max-snippet:-1, max-image-preview:large, max-video-preview:-1\" \/>\n<link rel=\"canonical\" href=\"https:\/\/zyrcled.com\/en\/\" \/>\n<meta property=\"og:locale\" content=\"en_US\" \/>\n<meta property=\"og:type\" content=\"article\" \/>\n<meta property=\"og:title\" content=\"Home\" \/>\n<meta property=\"og:description\" content=\"Zyrcled Dating app born in Spain. Expand your sexual horizon. Dating and hookup app especially for women.\" \/>\n<meta property=\"og:url\" content=\"https:\/\/zyrcled.com\/en\/\" \/>\n<meta property=\"og:site_name\" content=\"Zyrcled\" \/>\n<meta property=\"article:modified_time\" content=\"2024-10-22T18:09:29+00:00\" \/>\n<meta property=\"og:image\" content=\"https:\/\/zyrcled.com\/wp-content\/uploads\/2024\/06\/Isotipo_morado_zyrcled.png\" \/>\n\t<meta property=\"og:image:width\" content=\"800\" \/>\n\t<meta property=\"og:image:height\" content=\"748\" \/>\n\t<meta property=\"og:image:type\" content=\"image\/png\" \/>\n<meta name=\"twitter:card\" content=\"summary_large_image\" \/>\n<meta name=\"twitter:label1\" content=\"Est. reading time\" \/>\n\t<meta name=\"twitter:data1\" content=\"8 minutes\" \/>\n<script type=\"application\/ld+json\" class=\"yoast-schema-graph\">{\"@context\":\"https:\/\/schema.org\",\"@graph\":[{\"@type\":\"WebPage\",\"@id\":\"https:\/\/zyrcled.com\/en\/\",\"url\":\"https:\/\/zyrcled.com\/en\/\",\"name\":\"Home - Zyrcled Dating APP created in Barcelona by women\",\"isPartOf\":{\"@id\":\"https:\/\/zyrcled.com\/en\/#website\"},\"datePublished\":\"2024-03-17T17:13:00+00:00\",\"dateModified\":\"2024-10-22T18:09:29+00:00\",\"description\":\"Zyrcled Dating app born in Spain. Expand your sexual horizon. Dating and hookup app especially for women.\",\"breadcrumb\":{\"@id\":\"https:\/\/zyrcled.com\/en\/#breadcrumb\"},\"inLanguage\":\"en-US\",\"potentialAction\":[{\"@type\":\"ReadAction\",\"target\":[\"https:\/\/zyrcled.com\/en\/\"]}]},{\"@type\":\"BreadcrumbList\",\"@id\":\"https:\/\/zyrcled.com\/en\/#breadcrumb\",\"itemListElement\":[{\"@type\":\"ListItem\",\"position\":1,\"name\":\"Portada\",\"item\":\"https:\/\/zyrcled.com\/en\/\"},{\"@type\":\"ListItem\",\"position\":2,\"name\":\"Home\"}]},{\"@type\":\"WebSite\",\"@id\":\"https:\/\/zyrcled.com\/en\/#website\",\"url\":\"https:\/\/zyrcled.com\/en\/\",\"name\":\"Zyrcled\",\"description\":\"Zyrcled app de citas espa\u00f1ola liberal\",\"publisher\":{\"@id\":\"https:\/\/zyrcled.com\/en\/#organization\"},\"alternateName\":\"App de citas Zyrcled\",\"potentialAction\":[{\"@type\":\"SearchAction\",\"target\":{\"@type\":\"EntryPoint\",\"urlTemplate\":\"https:\/\/zyrcled.com\/en\/?s={search_term_string}\"},\"query-input\":{\"@type\":\"PropertyValueSpecification\",\"valueRequired\":true,\"valueName\":\"search_term_string\"}}],\"inLanguage\":\"en-US\"},{\"@type\":\"Organization\",\"@id\":\"https:\/\/zyrcled.com\/en\/#organization\",\"name\":\"Zyrcled Social Group\",\"url\":\"https:\/\/zyrcled.com\/en\/\",\"logo\":{\"@type\":\"ImageObject\",\"inLanguage\":\"en-US\",\"@id\":\"https:\/\/zyrcled.com\/en\/#\/schema\/logo\/image\/\",\"url\":\"https:\/\/zyrcled.com\/wp-content\/uploads\/2024\/06\/Isotipo_morado_zyrcled.png\",\"contentUrl\":\"https:\/\/zyrcled.com\/wp-content\/uploads\/2024\/06\/Isotipo_morado_zyrcled.png\",\"width\":800,\"height\":748,\"caption\":\"Zyrcled Social Group\"},\"image\":{\"@id\":\"https:\/\/zyrcled.com\/en\/#\/schema\/logo\/image\/\"},\"sameAs\":[\"https:\/\/www.linkedin.com\/company\/zyrcled-sl\/?originalSubdomain=es\",\"https:\/\/www.youtube.com\/channel\/UCFjPyc4fMOxwJD81OJjpnpg\",\"https:\/\/www.instagram.com\/zyrcled\/\"],\"description\":\"Zyrcled, una app de citas nacida en Espa\u00f1a, dise\u00f1ada por mujeres que lidera un movimiento de liberaci\u00f3n sexual femenina y la sexualidad liberal.\",\"email\":\"lydia@zyrcled.com\",\"legalName\":\"Zyrcled Social Group\"}]}<\/script>\n<!-- \/ Yoast SEO Premium plugin. -->","yoast_head_json":{"title":"Home - Zyrcled Dating APP created in Barcelona by women","description":"Zyrcled Dating app born in Spain. Expand your sexual horizon. Dating and hookup app especially for women.","robots":{"index":"index","follow":"follow","max-snippet":"max-snippet:-1","max-image-preview":"max-image-preview:large","max-video-preview":"max-video-preview:-1"},"canonical":"https:\/\/zyrcled.com\/en\/","og_locale":"en_US","og_type":"article","og_title":"Home","og_description":"Zyrcled Dating app born in Spain. Expand your sexual horizon. Dating and hookup app especially for women.","og_url":"https:\/\/zyrcled.com\/en\/","og_site_name":"Zyrcled","article_modified_time":"2024-10-22T18:09:29+00:00","og_image":[{"width":800,"height":748,"url":"https:\/\/zyrcled.com\/wp-content\/uploads\/2024\/06\/Isotipo_morado_zyrcled.png","type":"image\/png"}],"twitter_card":"summary_large_image","twitter_misc":{"Est. reading time":"8 minutes"},"schema":{"@context":"https:\/\/schema.org","@graph":[{"@type":"WebPage","@id":"https:\/\/zyrcled.com\/en\/","url":"https:\/\/zyrcled.com\/en\/","name":"Home - Zyrcled Dating APP created in Barcelona by women","isPartOf":{"@id":"https:\/\/zyrcled.com\/en\/#website"},"datePublished":"2024-03-17T17:13:00+00:00","dateModified":"2024-10-22T18:09:29+00:00","description":"Zyrcled Dating app born in Spain. Expand your sexual horizon. Dating and hookup app especially for women.","breadcrumb":{"@id":"https:\/\/zyrcled.com\/en\/#breadcrumb"},"inLanguage":"en-US","potentialAction":[{"@type":"ReadAction","target":["https:\/\/zyrcled.com\/en\/"]}]},{"@type":"BreadcrumbList","@id":"https:\/\/zyrcled.com\/en\/#breadcrumb","itemListElement":[{"@type":"ListItem","position":1,"name":"Portada","item":"https:\/\/zyrcled.com\/en\/"},{"@type":"ListItem","position":2,"name":"Home"}]},{"@type":"WebSite","@id":"https:\/\/zyrcled.com\/en\/#website","url":"https:\/\/zyrcled.com\/en\/","name":"Zyrcled","description":"Zyrcled app de citas espa\u00f1ola liberal","publisher":{"@id":"https:\/\/zyrcled.com\/en\/#organization"},"alternateName":"App de citas Zyrcled","potentialAction":[{"@type":"SearchAction","target":{"@type":"EntryPoint","urlTemplate":"https:\/\/zyrcled.com\/en\/?s={search_term_string}"},"query-input":{"@type":"PropertyValueSpecification","valueRequired":true,"valueName":"search_term_string"}}],"inLanguage":"en-US"},{"@type":"Organization","@id":"https:\/\/zyrcled.com\/en\/#organization","name":"Zyrcled Social Group","url":"https:\/\/zyrcled.com\/en\/","logo":{"@type":"ImageObject","inLanguage":"en-US","@id":"https:\/\/zyrcled.com\/en\/#\/schema\/logo\/image\/","url":"https:\/\/zyrcled.com\/wp-content\/uploads\/2024\/06\/Isotipo_morado_zyrcled.png","contentUrl":"https:\/\/zyrcled.com\/wp-content\/uploads\/2024\/06\/Isotipo_morado_zyrcled.png","width":800,"height":748,"caption":"Zyrcled Social Group"},"image":{"@id":"https:\/\/zyrcled.com\/en\/#\/schema\/logo\/image\/"},"sameAs":["https:\/\/www.linkedin.com\/company\/zyrcled-sl\/?originalSubdomain=es","https:\/\/www.youtube.com\/channel\/UCFjPyc4fMOxwJD81OJjpnpg","https:\/\/www.instagram.com\/zyrcled\/"],"description":"Zyrcled, una app de citas nacida en Espa\u00f1a, dise\u00f1ada por mujeres que lidera un movimiento de liberaci\u00f3n sexual femenina y la sexualidad liberal.","email":"lydia@zyrcled.com","legalName":"Zyrcled Social Group"}]}},"_links":{"self":[{"href":"https:\/\/zyrcled.com\/en\/wp-json\/wp\/v2\/pages\/259215","targetHints":{"allow":["GET"]}}],"collection":[{"href":"https:\/\/zyrcled.com\/en\/wp-json\/wp\/v2\/pages"}],"about":[{"href":"https:\/\/zyrcled.com\/en\/wp-json\/wp\/v2\/types\/page"}],"author":[{"embeddable":true,"href":"https:\/\/zyrcled.com\/en\/wp-json\/wp\/v2\/users\/1"}],"replies":[{"embeddable":true,"href":"https:\/\/zyrcled.com\/en\/wp-json\/wp\/v2\/comments?post=259215"}],"version-history":[{"count":21,"href":"https:\/\/zyrcled.com\/en\/wp-json\/wp\/v2\/pages\/259215\/revisions"}],"predecessor-version":[{"id":259330,"href":"https:\/\/zyrcled.com\/en\/wp-json\/wp\/v2\/pages\/259215\/revisions\/259330"}],"wp:attachment":[{"href":"https:\/\/zyrcled.com\/en\/wp-json\/wp\/v2\/media?parent=259215"}],"curies":[{"name":"wp","href":"https:\/\/api.w.org\/{rel}","templated":true}]}}