{"id":259206,"date":"2024-10-02T18:58:09","date_gmt":"2024-10-02T16:58:09","guid":{"rendered":"https:\/\/zyrcled.com\/check-email\/"},"modified":"2024-10-22T20:09:26","modified_gmt":"2024-10-22T18:09:26","slug":"check-email","status":"publish","type":"page","link":"https:\/\/zyrcled.com\/en\/check-email\/","title":{"rendered":"check email"},"content":{"rendered":"<h1>C\u00f3digo de verificaci\u00f3n no proporcionado o inv\u00e1lido.<\/h1>\n","protected":false},"excerpt":{"rendered":"","protected":false},"author":1,"featured_media":0,"parent":0,"menu_order":0,"comment_status":"closed","ping_status":"closed","template":"","meta":{"_et_pb_use_builder":"","_et_pb_old_content":"","_et_gb_content_width":"","footnotes":""},"class_list":["post-259206","page","type-page","status-publish","hentry"],"yoast_head":"<!-- This site is optimized with the Yoast SEO Premium plugin v22.8 (Yoast SEO v26.5) - https:\/\/yoast.com\/wordpress\/plugins\/seo\/ -->\n<title>check email - Zyrcled<\/title>\n<meta name=\"robots\" content=\"index, follow, max-snippet:-1, max-image-preview:large, max-video-preview:-1\" \/>\n<link rel=\"canonical\" href=\"https:\/\/zyrcled.com\/en\/check-email\/\" \/>\n<meta property=\"og:locale\" content=\"en_US\" \/>\n<meta property=\"og:type\" content=\"article\" \/>\n<meta property=\"og:title\" content=\"check email\" \/>\n<meta property=\"og:url\" content=\"https:\/\/zyrcled.com\/en\/check-email\/\" \/>\n<meta property=\"og:site_name\" content=\"Zyrcled\" \/>\n<meta property=\"article:modified_time\" content=\"2024-10-22T18:09:26+00:00\" \/>\n<meta property=\"og:image\" content=\"https:\/\/zyrcled.com\/wp-content\/uploads\/2024\/06\/Isotipo_morado_zyrcled.png\" \/>\n\t<meta property=\"og:image:width\" content=\"800\" \/>\n\t<meta property=\"og:image:height\" content=\"748\" \/>\n\t<meta property=\"og:image:type\" content=\"image\/png\" \/>\n<meta name=\"twitter:card\" content=\"summary_large_image\" \/>\n<script type=\"application\/ld+json\" class=\"yoast-schema-graph\">{\"@context\":\"https:\/\/schema.org\",\"@graph\":[{\"@type\":\"WebPage\",\"@id\":\"https:\/\/zyrcled.com\/en\/check-email\/\",\"url\":\"https:\/\/zyrcled.com\/en\/check-email\/\",\"name\":\"check email - Zyrcled\",\"isPartOf\":{\"@id\":\"https:\/\/zyrcled.com\/en\/#website\"},\"datePublished\":\"2024-10-02T16:58:09+00:00\",\"dateModified\":\"2024-10-22T18:09:26+00:00\",\"breadcrumb\":{\"@id\":\"https:\/\/zyrcled.com\/en\/check-email\/#breadcrumb\"},\"inLanguage\":\"en-US\",\"potentialAction\":[{\"@type\":\"ReadAction\",\"target\":[\"https:\/\/zyrcled.com\/en\/check-email\/\"]}]},{\"@type\":\"BreadcrumbList\",\"@id\":\"https:\/\/zyrcled.com\/en\/check-email\/#breadcrumb\",\"itemListElement\":[{\"@type\":\"ListItem\",\"position\":1,\"name\":\"Portada\",\"item\":\"https:\/\/zyrcled.com\/en\/\"},{\"@type\":\"ListItem\",\"position\":2,\"name\":\"check email\"}]},{\"@type\":\"WebSite\",\"@id\":\"https:\/\/zyrcled.com\/en\/#website\",\"url\":\"https:\/\/zyrcled.com\/en\/\",\"name\":\"Zyrcled\",\"description\":\"Zyrcled app de citas espa\u00f1ola liberal\",\"publisher\":{\"@id\":\"https:\/\/zyrcled.com\/en\/#organization\"},\"alternateName\":\"App de citas Zyrcled\",\"potentialAction\":[{\"@type\":\"SearchAction\",\"target\":{\"@type\":\"EntryPoint\",\"urlTemplate\":\"https:\/\/zyrcled.com\/en\/?s={search_term_string}\"},\"query-input\":{\"@type\":\"PropertyValueSpecification\",\"valueRequired\":true,\"valueName\":\"search_term_string\"}}],\"inLanguage\":\"en-US\"},{\"@type\":\"Organization\",\"@id\":\"https:\/\/zyrcled.com\/en\/#organization\",\"name\":\"Zyrcled Social Group\",\"url\":\"https:\/\/zyrcled.com\/en\/\",\"logo\":{\"@type\":\"ImageObject\",\"inLanguage\":\"en-US\",\"@id\":\"https:\/\/zyrcled.com\/en\/#\/schema\/logo\/image\/\",\"url\":\"https:\/\/zyrcled.com\/wp-content\/uploads\/2024\/06\/Isotipo_morado_zyrcled.png\",\"contentUrl\":\"https:\/\/zyrcled.com\/wp-content\/uploads\/2024\/06\/Isotipo_morado_zyrcled.png\",\"width\":800,\"height\":748,\"caption\":\"Zyrcled Social Group\"},\"image\":{\"@id\":\"https:\/\/zyrcled.com\/en\/#\/schema\/logo\/image\/\"},\"sameAs\":[\"https:\/\/www.linkedin.com\/company\/zyrcled-sl\/?originalSubdomain=es\",\"https:\/\/www.youtube.com\/channel\/UCFjPyc4fMOxwJD81OJjpnpg\",\"https:\/\/www.instagram.com\/zyrcled\/\"],\"description\":\"Zyrcled, una app de citas nacida en Espa\u00f1a, dise\u00f1ada por mujeres que lidera un movimiento de liberaci\u00f3n sexual femenina y la sexualidad liberal.\",\"email\":\"lydia@zyrcled.com\",\"legalName\":\"Zyrcled Social Group\"}]}<\/script>\n<!-- \/ Yoast SEO Premium plugin. -->","yoast_head_json":{"title":"check email - Zyrcled","robots":{"index":"index","follow":"follow","max-snippet":"max-snippet:-1","max-image-preview":"max-image-preview:large","max-video-preview":"max-video-preview:-1"},"canonical":"https:\/\/zyrcled.com\/en\/check-email\/","og_locale":"en_US","og_type":"article","og_title":"check email","og_url":"https:\/\/zyrcled.com\/en\/check-email\/","og_site_name":"Zyrcled","article_modified_time":"2024-10-22T18:09:26+00:00","og_image":[{"width":800,"height":748,"url":"https:\/\/zyrcled.com\/wp-content\/uploads\/2024\/06\/Isotipo_morado_zyrcled.png","type":"image\/png"}],"twitter_card":"summary_large_image","schema":{"@context":"https:\/\/schema.org","@graph":[{"@type":"WebPage","@id":"https:\/\/zyrcled.com\/en\/check-email\/","url":"https:\/\/zyrcled.com\/en\/check-email\/","name":"check email - Zyrcled","isPartOf":{"@id":"https:\/\/zyrcled.com\/en\/#website"},"datePublished":"2024-10-02T16:58:09+00:00","dateModified":"2024-10-22T18:09:26+00:00","breadcrumb":{"@id":"https:\/\/zyrcled.com\/en\/check-email\/#breadcrumb"},"inLanguage":"en-US","potentialAction":[{"@type":"ReadAction","target":["https:\/\/zyrcled.com\/en\/check-email\/"]}]},{"@type":"BreadcrumbList","@id":"https:\/\/zyrcled.com\/en\/check-email\/#breadcrumb","itemListElement":[{"@type":"ListItem","position":1,"name":"Portada","item":"https:\/\/zyrcled.com\/en\/"},{"@type":"ListItem","position":2,"name":"check email"}]},{"@type":"WebSite","@id":"https:\/\/zyrcled.com\/en\/#website","url":"https:\/\/zyrcled.com\/en\/","name":"Zyrcled","description":"Zyrcled app de citas espa\u00f1ola liberal","publisher":{"@id":"https:\/\/zyrcled.com\/en\/#organization"},"alternateName":"App de citas Zyrcled","potentialAction":[{"@type":"SearchAction","target":{"@type":"EntryPoint","urlTemplate":"https:\/\/zyrcled.com\/en\/?s={search_term_string}"},"query-input":{"@type":"PropertyValueSpecification","valueRequired":true,"valueName":"search_term_string"}}],"inLanguage":"en-US"},{"@type":"Organization","@id":"https:\/\/zyrcled.com\/en\/#organization","name":"Zyrcled Social Group","url":"https:\/\/zyrcled.com\/en\/","logo":{"@type":"ImageObject","inLanguage":"en-US","@id":"https:\/\/zyrcled.com\/en\/#\/schema\/logo\/image\/","url":"https:\/\/zyrcled.com\/wp-content\/uploads\/2024\/06\/Isotipo_morado_zyrcled.png","contentUrl":"https:\/\/zyrcled.com\/wp-content\/uploads\/2024\/06\/Isotipo_morado_zyrcled.png","width":800,"height":748,"caption":"Zyrcled Social Group"},"image":{"@id":"https:\/\/zyrcled.com\/en\/#\/schema\/logo\/image\/"},"sameAs":["https:\/\/www.linkedin.com\/company\/zyrcled-sl\/?originalSubdomain=es","https:\/\/www.youtube.com\/channel\/UCFjPyc4fMOxwJD81OJjpnpg","https:\/\/www.instagram.com\/zyrcled\/"],"description":"Zyrcled, una app de citas nacida en Espa\u00f1a, dise\u00f1ada por mujeres que lidera un movimiento de liberaci\u00f3n sexual femenina y la sexualidad liberal.","email":"lydia@zyrcled.com","legalName":"Zyrcled Social Group"}]}},"_links":{"self":[{"href":"https:\/\/zyrcled.com\/en\/wp-json\/wp\/v2\/pages\/259206","targetHints":{"allow":["GET"]}}],"collection":[{"href":"https:\/\/zyrcled.com\/en\/wp-json\/wp\/v2\/pages"}],"about":[{"href":"https:\/\/zyrcled.com\/en\/wp-json\/wp\/v2\/types\/page"}],"author":[{"embeddable":true,"href":"https:\/\/zyrcled.com\/en\/wp-json\/wp\/v2\/users\/1"}],"replies":[{"embeddable":true,"href":"https:\/\/zyrcled.com\/en\/wp-json\/wp\/v2\/comments?post=259206"}],"version-history":[{"count":1,"href":"https:\/\/zyrcled.com\/en\/wp-json\/wp\/v2\/pages\/259206\/revisions"}],"predecessor-version":[{"id":259207,"href":"https:\/\/zyrcled.com\/en\/wp-json\/wp\/v2\/pages\/259206\/revisions\/259207"}],"wp:attachment":[{"href":"https:\/\/zyrcled.com\/en\/wp-json\/wp\/v2\/media?parent=259206"}],"curies":[{"name":"wp","href":"https:\/\/api.w.org\/{rel}","templated":true}]}}