{"id":259386,"date":"2024-03-20T14:10:22","date_gmt":"2024-03-20T13:10:22","guid":{"rendered":"https:\/\/zyrcled.com\/politica-de-cookies\/"},"modified":"2024-03-20T14:10:22","modified_gmt":"2024-03-20T13:10:22","slug":"politica-de-cookies","status":"publish","type":"page","link":"https:\/\/zyrcled.com\/ca\/politica-de-cookies\/","title":{"rendered":"Pol\u00edtica de cookies"},"content":{"rendered":"<p>&nbsp;<\/p>\n<p>&nbsp;<\/p>\n<h1><span style=\"font-size: 24pt;\"><strong>Pol\u00edtica de cookies<\/strong><\/span><\/h1>\n<p>&nbsp;<\/p>\n<p>A Zyrcled Social Group SL (d&#8217;ara endavant, &#8220;Zyrcled&#8221;), amb domicili social al Carrer Almeria 19-B, 08620, Sant Vicen\u00e7 dels Horts, Barcelona, \u200b\u200bamb CIF B10751543, utilitzem cookies i tecnologies similars a la nostra aplicaci\u00f3 m\u00f2bil de cites (a endavant, &#8220;Aplicaci\u00f3&#8221;) per millorar-ne el rendiment, personalitzar la vostra experi\u00e8ncia d&#8217;usuari i demanar informaci\u00f3 estad\u00edstica. Aquesta Pol\u00edtica de Cookies t\u00e9 per objecte informar-lo de manera clara i precisa sobre les cookies que utilitzem, la seva finalitat, i les opcions de qu\u00e8 disposa per gestionar-les, tot aix\u00f2 de conformitat amb el que disposa el Reglament (UE) 2016\/679 del Parlament Europeu i del Consell de 27 d&#8217;abril de 2016 (RGPD) ia la Llei org\u00e0nica 3\/2018, de 5 de desembre, de protecci\u00f3 de dades personals i garantia dels drets digitals (LOPDGDD).<\/p>\n<p>&nbsp;<\/p>\n<h2><strong>Qu\u00e8 s\u00f3n les galetes?<\/strong><\/h2>\n<p>Les galetes s\u00f3n petits arxius de text que s&#8217;instal\u00b7len al dispositiu (ordinador, tauleta, smartphone) quan visita una p\u00e0gina web o utilitza una aplicaci\u00f3. Aquests fitxers permeten emmagatzemar i recuperar informaci\u00f3 sobre els seus h\u00e0bits de navegaci\u00f3 o el seu equip, i poden servir per recon\u00e8ixer-lo com a usuari, entre altres prop\u00f2sits. <\/p>\n<p>&nbsp;<\/p>\n<h2><strong>Tipus de cookies que utilitzem<\/strong><\/h2>\n<p>En funci\u00f3 de la seva titularitat, les galetes es poden classificar en: <strong>Cookies pr\u00f2pies:<\/strong> S\u00f3n aquelles que s&#8217;envien al dispositiu des dels nostres propis servidors. <strong>Cookies de tercers:<\/strong> S\u00f3n aquelles que s&#8217;envien al dispositiu des d&#8217;un servidor ali\u00e8 a Zyrcled, per compte de tercers prestadors de serveis. <strong>Segons la seva finalitat<\/strong> , emprem les categories de cookies seg\u00fcents: <strong>Cookies t\u00e8cniques:<\/strong> S\u00f3n imprescindibles per al correcte funcionament de l&#8217;Aplicaci\u00f3. Permeten a lusuari navegar i utilitzar les diferents opcions i serveis. <strong>Galetes de personalitzaci\u00f3:<\/strong> Permet a l&#8217;usuari accedir a l&#8217;Aplicaci\u00f3 amb algunes caracter\u00edstiques predefinides en funci\u00f3 de certs criteris, com ara l&#8217;idioma, el tipus de navegador, la configuraci\u00f3 regional, etc. <strong>Galetes d&#8217;an\u00e0lisi:<\/strong> Permeten quantificar el nombre de visites i analitzar estad\u00edsticament l&#8217;\u00fas que fan els usuaris de l&#8217;Aplicaci\u00f3. La informaci\u00f3 recollida es fa servir per mesurar l&#8217;activitat de l&#8217;Aplicaci\u00f3 i elaborar perfils de navegaci\u00f3 per introduir millores. <strong>Galetes publicit\u00e0ries:<\/strong> Permeten gestionar els espais publicitaris inclosos a l&#8217;Aplicaci\u00f3 en base a criteris com el contingut o la freq\u00fc\u00e8ncia de visualitzaci\u00f3. <strong>Cookies de publicitat comportamental:<\/strong> Permeten gestionar els espais publicitaris inclosos a l&#8217;Aplicaci\u00f3 per part de tercers. Aquestes galetes emmagatzemen informaci\u00f3 sobre el comportament de l&#8217;usuari, obtinguda a trav\u00e9s de l&#8217;observaci\u00f3 continuada dels seus h\u00e0bits de navegaci\u00f3, cosa que permet desenvolupar un perfil espec\u00edfic per mostrar publicitat en funci\u00f3 del mateix. <strong>En funci\u00f3 de la seva durada<\/strong> , les galetes es poden dividir en: <strong>Cookies de sessi\u00f3:<\/strong> S\u00f3n aquelles dissenyades per a demanar i emmagatzemar dades mentre l&#8217;usuari accedeix a l&#8217;Aplicaci\u00f3. Se solen fer servir per emmagatzemar informaci\u00f3 que nom\u00e9s interessa conservar per a la prestaci\u00f3 del servei sol\u00b7licitat per l&#8217;usuari en una sola ocasi\u00f3. <strong>Cookies persistents<\/strong> : S\u00f3n aquelles en qu\u00e8 les dades segueixen emmagatzemades al dispositiu i poden ser accedides i tractades durant un per\u00edode definit pel responsable de la galeta, que pot anar d&#8217;uns minuts a diversos anys.<\/p>\n<p>&nbsp;<\/p>\n<h2><strong>Cookies utilitzades a la nostra Aplicaci\u00f3<\/strong><\/h2>\n<p>&nbsp;<\/p>\n<table width=\"566\">\n<thead>\n<tr>\n<td width=\"99\"><strong>Nom de la galeta<\/strong><\/td>\n<td width=\"131\"><strong>Tipus<\/strong><\/td>\n<td width=\"72\"><strong>Durada<\/strong><\/td>\n<td width=\"169\"><strong>Finalitat<\/strong><\/td>\n<td width=\"95\"><strong>Titular<\/strong><\/td>\n<\/tr>\n<\/thead>\n<tbody>\n<tr>\n<td width=\"99\"><strong>_session_id<\/strong><\/td>\n<td width=\"131\">T\u00e8cnica<\/td>\n<td width=\"72\">Sessi\u00f3<\/td>\n<td width=\"169\">Permetre la funcionalitat dinici de sessi\u00f3.<\/td>\n<td width=\"95\">Zyrcled<\/td>\n<\/tr>\n<tr>\n<td width=\"99\"><strong>_user_id<\/strong><\/td>\n<td width=\"131\">T\u00e8cnica<\/td>\n<td width=\"72\">1 any<\/td>\n<td width=\"169\">Identificar l&#8217;usuari de manera \u00fanica.<\/td>\n<td width=\"95\">Zyrcled<\/td>\n<\/tr>\n<tr>\n<td width=\"99\"><strong>_language<\/strong><\/td>\n<td width=\"131\">Personalitzaci\u00f3<\/td>\n<td width=\"72\">1 any<\/td>\n<td width=\"169\">Recordeu l&#8217;idioma seleccionat per l&#8217;usuari.<\/td>\n<td width=\"95\">Zyrcled<\/td>\n<\/tr>\n<tr>\n<td width=\"99\"><strong>_ga<\/strong><\/td>\n<td width=\"131\">An\u00e0lisi<\/td>\n<td width=\"72\">2 anys<\/td>\n<td width=\"169\">Generar un identificador d&#8217;usuari \u00fanic per a finalitats estad\u00edstiques.<\/td>\n<td width=\"95\">Google Analytics<\/td>\n<\/tr>\n<tr>\n<td width=\"99\"><strong>_fbp<\/strong><\/td>\n<td width=\"131\">Publicitat comportamental<\/td>\n<td width=\"72\">3 mesos<\/td>\n<td width=\"169\">Mostrar anuncis de Facebook segons el comportament de l&#8217;usuari.<\/td>\n<td width=\"95\">Facebook<\/td>\n<\/tr>\n<tr>\n<td width=\"99\"><strong>_gcl_au<\/strong><\/td>\n<td width=\"131\">Publicitat<\/td>\n<td width=\"72\">3 mesos<\/td>\n<td width=\"169\">Mesurar l&#8217;efic\u00e0cia de la publicitat.<\/td>\n<td width=\"95\">Google AdSense<\/td>\n<\/tr>\n<tr>\n<td width=\"99\"><strong>_hjid<\/strong><\/td>\n<td width=\"131\">An\u00e0lisi<\/td>\n<td width=\"72\">1 any<\/td>\n<td width=\"169\">Generar un identificador d&#8217;usuari \u00fanic per a finalitats estad\u00edstiques.<\/td>\n<td width=\"95\">Hotjar<\/td>\n<\/tr>\n<tr>\n<td width=\"99\"><strong>_captcha<\/strong><\/td>\n<td width=\"131\">T\u00e8cnica<\/td>\n<td width=\"72\">Sessi\u00f3<\/td>\n<td width=\"169\">Validar interaccions humanes per prevenir el correu brossa.<\/td>\n<td width=\"95\">Google reCAPTCHA<\/td>\n<\/tr>\n<tr>\n<td width=\"99\"><strong>_stripe_mid<\/strong><\/td>\n<td width=\"131\">T\u00e8cnica<\/td>\n<td width=\"72\">1 any<\/td>\n<td width=\"169\">Permetre pagaments segurs a trav\u00e9s de Stripe.<\/td>\n<td width=\"95\">Stripe<\/td>\n<\/tr>\n<tr>\n<td width=\"99\"><strong>_fbc<\/strong><\/td>\n<td width=\"131\">Publicitat<\/td>\n<td width=\"72\">2 anys<\/td>\n<td width=\"169\">Emmagatzemar la darrera campanya publicit\u00e0ria que va generar una venda.<\/td>\n<td width=\"95\">Facebook<\/td>\n<\/tr>\n<\/tbody>\n<\/table>\n<p>&nbsp;<\/p>\n<h2><strong>Com gestionar les cookies<\/strong><\/h2>\n<p>Vost\u00e8 pot permetre, bloquejar o eliminar les cookies instal\u00b7lades al dispositiu mitjan\u00e7ant la configuraci\u00f3 de les opcions del vostre navegador. A continuaci\u00f3 us proporcionem els enlla\u00e7os per gestionar les cookies als <\/p>\n<h4><strong>principals navegadors:<\/strong><\/h4>\n<p><strong>Internet Explorer:<\/strong> https:\/\/support.microsoft.com\/es-es\/help\/17442\/windows-internet-explorer-delete-manage-cookies <strong>Firefox:<\/strong> https:\/\/support.mozilla.org\/es\/kb\/habilitar- y-deshabilitar-cookies-llocs-web-rastrear-prefer\u00e8ncies <strong>Chrome:<\/strong> https:\/\/support.google.com\/chrome\/answer\/95647?hl=ca <strong>Safari:<\/strong> https:\/\/support.apple.com\/es-es\/ guide\/safari\/sfri11471\/mac <strong>Opera:<\/strong> https:\/\/help.opera.com\/en\/latest\/web-preferences\/#cookies <strong>Us advertim que<\/strong> , en cas de bloquejar o no acceptar la instal\u00b7laci\u00f3 de cookies, \u00e9s possible que certs serveis o funcionalitats de l&#8217;Aplicaci\u00f3 no estiguin disponibles o no funcionin adequadament.<\/p>\n<p>&nbsp;<\/p>\n<h2><strong>Actualitzacions i canvis a la Pol\u00edtica de Cookies<\/strong><\/h2>\n<p>Zyrcled pot modificar aquesta pol\u00edtica de galetes en funci\u00f3 de noves exig\u00e8ncies legislatives, reglament\u00e0ries, o amb la finalitat d&#8217;adaptar aquesta pol\u00edtica a les instruccions dictades per l&#8217;autoritat de control competent en mat\u00e8ria de protecci\u00f3 de dades. Quan es produeixin canvis significatius en aquesta Pol\u00edtica de Cookies us ho comunicarem, b\u00e9 mitjan\u00e7ant un av\u00eds informatiu a l&#8217;Aplicaci\u00f3 oa trav\u00e9s de qualsevol altre procediment de notificaci\u00f3 que considerem oport\u00fa.<\/p>\n<p>&nbsp;<\/p>\n<h2><strong>Contacte<\/strong><\/h2>\n<p>Si teniu qualsevol dubte o necessiteu informaci\u00f3 addicional sobre la nostra Pol\u00edtica de Cookies, no dubteu a contactar amb nosaltres enviant un correu electr\u00f2nic a <a href=\"mailto:contacto@zyrcled.com\"><strong>contacto@zyrcled.com<\/strong><\/a> oa trav\u00e9s de la nostra p\u00e0gina de contacte <a href=\"https:\/\/zyrcled.com\/contacto\"><strong>https:\/\/zyrcled.com\/contacto.<\/strong><\/a> Data de la darrera actualitzaci\u00f3: 17\/05\/2024 <\/p>\n<p>&nbsp;<\/p>\n<p>&nbsp;<\/p>\n<p>&nbsp;<\/p>\n<p>&nbsp;<\/p>\n","protected":false},"excerpt":{"rendered":"<p>&nbsp; &nbsp; Pol\u00edtica de cookies &nbsp; A Zyrcled Social Group SL (d&#8217;ara endavant, &#8220;Zyrcled&#8221;), amb domicili social al Carrer Almeria 19-B, 08620, Sant Vicen\u00e7 dels Horts, Barcelona, \u200b\u200bamb CIF B10751543, utilitzem cookies i tecnologies similars a la nostra aplicaci\u00f3 m\u00f2bil de cites (a endavant, &#8220;Aplicaci\u00f3&#8221;) per millorar-ne el rendiment, personalitzar la vostra experi\u00e8ncia d&#8217;usuari i [&hellip;]<\/p>\n","protected":false},"author":1,"featured_media":0,"parent":0,"menu_order":0,"comment_status":"closed","ping_status":"closed","template":"","meta":{"_et_pb_use_builder":"off","_et_pb_old_content":"","_et_gb_content_width":"","footnotes":""},"class_list":["post-259386","page","type-page","status-publish","hentry"],"yoast_head":"<!-- This site is optimized with the Yoast SEO Premium plugin v22.8 (Yoast SEO v26.5) - https:\/\/yoast.com\/wordpress\/plugins\/seo\/ -->\n<title>Pol\u00edtica de cookies - Zyrcled<\/title>\n<meta name=\"robots\" content=\"index, follow, max-snippet:-1, max-image-preview:large, max-video-preview:-1\" \/>\n<link rel=\"canonical\" href=\"https:\/\/zyrcled.com\/ca\/politica-de-cookies\/\" \/>\n<meta property=\"og:locale\" content=\"ca_ES\" \/>\n<meta property=\"og:type\" content=\"article\" \/>\n<meta property=\"og:title\" content=\"Pol\u00edtica de cookies\" \/>\n<meta property=\"og:description\" content=\"&nbsp; &nbsp; Pol\u00edtica de cookies &nbsp; A Zyrcled Social Group SL (d&#8217;ara endavant, &#8220;Zyrcled&#8221;), amb domicili social al Carrer Almeria 19-B, 08620, Sant Vicen\u00e7 dels Horts, Barcelona, \u200b\u200bamb CIF B10751543, utilitzem cookies i tecnologies similars a la nostra aplicaci\u00f3 m\u00f2bil de cites (a endavant, &#8220;Aplicaci\u00f3&#8221;) per millorar-ne el rendiment, personalitzar la vostra experi\u00e8ncia d&#8217;usuari i [&hellip;]\" \/>\n<meta property=\"og:url\" content=\"https:\/\/zyrcled.com\/ca\/politica-de-cookies\/\" \/>\n<meta property=\"og:site_name\" content=\"Zyrcled\" \/>\n<meta property=\"og:image\" content=\"https:\/\/zyrcled.com\/wp-content\/uploads\/2024\/06\/Isotipo_morado_zyrcled.png\" \/>\n\t<meta property=\"og:image:width\" content=\"800\" \/>\n\t<meta property=\"og:image:height\" content=\"748\" \/>\n\t<meta property=\"og:image:type\" content=\"image\/png\" \/>\n<meta name=\"twitter:card\" content=\"summary_large_image\" \/>\n<meta name=\"twitter:label1\" content=\"Temps estimat de lectura\" \/>\n\t<meta name=\"twitter:data1\" content=\"5 minuts\" \/>\n<script type=\"application\/ld+json\" class=\"yoast-schema-graph\">{\"@context\":\"https:\/\/schema.org\",\"@graph\":[{\"@type\":\"WebPage\",\"@id\":\"https:\/\/zyrcled.com\/ca\/politica-de-cookies\/\",\"url\":\"https:\/\/zyrcled.com\/ca\/politica-de-cookies\/\",\"name\":\"Pol\u00edtica de cookies - Zyrcled\",\"isPartOf\":{\"@id\":\"https:\/\/zyrcled.com\/ca\/#website\"},\"datePublished\":\"2024-03-20T13:10:22+00:00\",\"breadcrumb\":{\"@id\":\"https:\/\/zyrcled.com\/ca\/politica-de-cookies\/#breadcrumb\"},\"inLanguage\":\"ca\",\"potentialAction\":[{\"@type\":\"ReadAction\",\"target\":[\"https:\/\/zyrcled.com\/ca\/politica-de-cookies\/\"]}]},{\"@type\":\"BreadcrumbList\",\"@id\":\"https:\/\/zyrcled.com\/ca\/politica-de-cookies\/#breadcrumb\",\"itemListElement\":[{\"@type\":\"ListItem\",\"position\":1,\"name\":\"Portada\",\"item\":\"https:\/\/zyrcled.com\/ca\/\"},{\"@type\":\"ListItem\",\"position\":2,\"name\":\"Pol\u00edtica de cookies\"}]},{\"@type\":\"WebSite\",\"@id\":\"https:\/\/zyrcled.com\/ca\/#website\",\"url\":\"https:\/\/zyrcled.com\/ca\/\",\"name\":\"Zyrcled\",\"description\":\"Zyrcled app de citas espa\u00f1ola liberal\",\"publisher\":{\"@id\":\"https:\/\/zyrcled.com\/ca\/#organization\"},\"alternateName\":\"App de citas Zyrcled\",\"potentialAction\":[{\"@type\":\"SearchAction\",\"target\":{\"@type\":\"EntryPoint\",\"urlTemplate\":\"https:\/\/zyrcled.com\/ca\/?s={search_term_string}\"},\"query-input\":{\"@type\":\"PropertyValueSpecification\",\"valueRequired\":true,\"valueName\":\"search_term_string\"}}],\"inLanguage\":\"ca\"},{\"@type\":\"Organization\",\"@id\":\"https:\/\/zyrcled.com\/ca\/#organization\",\"name\":\"Zyrcled Social Group\",\"url\":\"https:\/\/zyrcled.com\/ca\/\",\"logo\":{\"@type\":\"ImageObject\",\"inLanguage\":\"ca\",\"@id\":\"https:\/\/zyrcled.com\/ca\/#\/schema\/logo\/image\/\",\"url\":\"https:\/\/zyrcled.com\/wp-content\/uploads\/2024\/06\/Isotipo_morado_zyrcled.png\",\"contentUrl\":\"https:\/\/zyrcled.com\/wp-content\/uploads\/2024\/06\/Isotipo_morado_zyrcled.png\",\"width\":800,\"height\":748,\"caption\":\"Zyrcled Social Group\"},\"image\":{\"@id\":\"https:\/\/zyrcled.com\/ca\/#\/schema\/logo\/image\/\"},\"sameAs\":[\"https:\/\/www.linkedin.com\/company\/zyrcled-sl\/?originalSubdomain=es\",\"https:\/\/www.youtube.com\/channel\/UCFjPyc4fMOxwJD81OJjpnpg\",\"https:\/\/www.instagram.com\/zyrcled\/\"],\"description\":\"Zyrcled, una app de citas nacida en Espa\u00f1a, dise\u00f1ada por mujeres que lidera un movimiento de liberaci\u00f3n sexual femenina y la sexualidad liberal.\",\"email\":\"lydia@zyrcled.com\",\"legalName\":\"Zyrcled Social Group\"}]}<\/script>\n<!-- \/ Yoast SEO Premium plugin. -->","yoast_head_json":{"title":"Pol\u00edtica de cookies - Zyrcled","robots":{"index":"index","follow":"follow","max-snippet":"max-snippet:-1","max-image-preview":"max-image-preview:large","max-video-preview":"max-video-preview:-1"},"canonical":"https:\/\/zyrcled.com\/ca\/politica-de-cookies\/","og_locale":"ca_ES","og_type":"article","og_title":"Pol\u00edtica de cookies","og_description":"&nbsp; &nbsp; Pol\u00edtica de cookies &nbsp; A Zyrcled Social Group SL (d&#8217;ara endavant, &#8220;Zyrcled&#8221;), amb domicili social al Carrer Almeria 19-B, 08620, Sant Vicen\u00e7 dels Horts, Barcelona, \u200b\u200bamb CIF B10751543, utilitzem cookies i tecnologies similars a la nostra aplicaci\u00f3 m\u00f2bil de cites (a endavant, &#8220;Aplicaci\u00f3&#8221;) per millorar-ne el rendiment, personalitzar la vostra experi\u00e8ncia d&#8217;usuari i [&hellip;]","og_url":"https:\/\/zyrcled.com\/ca\/politica-de-cookies\/","og_site_name":"Zyrcled","og_image":[{"width":800,"height":748,"url":"https:\/\/zyrcled.com\/wp-content\/uploads\/2024\/06\/Isotipo_morado_zyrcled.png","type":"image\/png"}],"twitter_card":"summary_large_image","twitter_misc":{"Temps estimat de lectura":"5 minuts"},"schema":{"@context":"https:\/\/schema.org","@graph":[{"@type":"WebPage","@id":"https:\/\/zyrcled.com\/ca\/politica-de-cookies\/","url":"https:\/\/zyrcled.com\/ca\/politica-de-cookies\/","name":"Pol\u00edtica de cookies - Zyrcled","isPartOf":{"@id":"https:\/\/zyrcled.com\/ca\/#website"},"datePublished":"2024-03-20T13:10:22+00:00","breadcrumb":{"@id":"https:\/\/zyrcled.com\/ca\/politica-de-cookies\/#breadcrumb"},"inLanguage":"ca","potentialAction":[{"@type":"ReadAction","target":["https:\/\/zyrcled.com\/ca\/politica-de-cookies\/"]}]},{"@type":"BreadcrumbList","@id":"https:\/\/zyrcled.com\/ca\/politica-de-cookies\/#breadcrumb","itemListElement":[{"@type":"ListItem","position":1,"name":"Portada","item":"https:\/\/zyrcled.com\/ca\/"},{"@type":"ListItem","position":2,"name":"Pol\u00edtica de cookies"}]},{"@type":"WebSite","@id":"https:\/\/zyrcled.com\/ca\/#website","url":"https:\/\/zyrcled.com\/ca\/","name":"Zyrcled","description":"Zyrcled app de citas espa\u00f1ola liberal","publisher":{"@id":"https:\/\/zyrcled.com\/ca\/#organization"},"alternateName":"App de citas Zyrcled","potentialAction":[{"@type":"SearchAction","target":{"@type":"EntryPoint","urlTemplate":"https:\/\/zyrcled.com\/ca\/?s={search_term_string}"},"query-input":{"@type":"PropertyValueSpecification","valueRequired":true,"valueName":"search_term_string"}}],"inLanguage":"ca"},{"@type":"Organization","@id":"https:\/\/zyrcled.com\/ca\/#organization","name":"Zyrcled Social Group","url":"https:\/\/zyrcled.com\/ca\/","logo":{"@type":"ImageObject","inLanguage":"ca","@id":"https:\/\/zyrcled.com\/ca\/#\/schema\/logo\/image\/","url":"https:\/\/zyrcled.com\/wp-content\/uploads\/2024\/06\/Isotipo_morado_zyrcled.png","contentUrl":"https:\/\/zyrcled.com\/wp-content\/uploads\/2024\/06\/Isotipo_morado_zyrcled.png","width":800,"height":748,"caption":"Zyrcled Social Group"},"image":{"@id":"https:\/\/zyrcled.com\/ca\/#\/schema\/logo\/image\/"},"sameAs":["https:\/\/www.linkedin.com\/company\/zyrcled-sl\/?originalSubdomain=es","https:\/\/www.youtube.com\/channel\/UCFjPyc4fMOxwJD81OJjpnpg","https:\/\/www.instagram.com\/zyrcled\/"],"description":"Zyrcled, una app de citas nacida en Espa\u00f1a, dise\u00f1ada por mujeres que lidera un movimiento de liberaci\u00f3n sexual femenina y la sexualidad liberal.","email":"lydia@zyrcled.com","legalName":"Zyrcled Social Group"}]}},"_links":{"self":[{"href":"https:\/\/zyrcled.com\/ca\/wp-json\/wp\/v2\/pages\/259386","targetHints":{"allow":["GET"]}}],"collection":[{"href":"https:\/\/zyrcled.com\/ca\/wp-json\/wp\/v2\/pages"}],"about":[{"href":"https:\/\/zyrcled.com\/ca\/wp-json\/wp\/v2\/types\/page"}],"author":[{"embeddable":true,"href":"https:\/\/zyrcled.com\/ca\/wp-json\/wp\/v2\/users\/1"}],"replies":[{"embeddable":true,"href":"https:\/\/zyrcled.com\/ca\/wp-json\/wp\/v2\/comments?post=259386"}],"version-history":[{"count":0,"href":"https:\/\/zyrcled.com\/ca\/wp-json\/wp\/v2\/pages\/259386\/revisions"}],"wp:attachment":[{"href":"https:\/\/zyrcled.com\/ca\/wp-json\/wp\/v2\/media?parent=259386"}],"curies":[{"name":"wp","href":"https:\/\/api.w.org\/{rel}","templated":true}]}}