{"id":259020,"date":"2024-08-18T21:39:09","date_gmt":"2024-08-18T19:39:09","guid":{"rendered":"https:\/\/zyrcled.com\/verificacio\/"},"modified":"2024-10-21T12:31:42","modified_gmt":"2024-10-21T10:31:42","slug":"verificacio","status":"publish","type":"page","link":"https:\/\/zyrcled.com\/ca\/verificacio\/","title":{"rendered":"Verificaci\u00f3"},"content":{"rendered":"<p>[et_pb_section fb_built=&#8221;1&#8243; _builder_version=&#8221;4.27.0&#8243; _module_preset=&#8221;default&#8221; global_colors_info=&#8221;{}&#8221;][et_pb_row _builder_version=&#8221;4.27.0&#8243; _module_preset=&#8221;default&#8221; global_colors_info=&#8221;{}&#8221;][et_pb_column type=&#8221;4_4&#8243; _builder_version=&#8221;4.27.0&#8243; _module_preset=&#8221;default&#8221; global_colors_info=&#8221;{}&#8221;][et_pb_text _builder_version=&#8221;4.27.0&#8243; _module_preset=&#8221;default&#8221; global_colors_info=&#8221;{}&#8221;]<\/p>\n<h1 style=\"text-align: center;\">Verifica el teu perfil<\/h1>\n<p>&nbsp;<\/p>\n<p>Per verificar el vostre perfil, heu d&#8217;anar a l&#8217;app a la barra de navegaci\u00f3 de baix a perfil, despr\u00e9s l&#8217;opci\u00f3 verificar perfil.<\/p>\n<p>Dins de verificar perfil veur\u00e0s un codi de 10 xifres com aquest <span style=\"font-size: 14pt;\"><strong>6juTvHHSNv<\/strong><\/span> <\/p>\n<p>1.- Apunta&#8217;l en un paper a boli i que es llegeixi ben clar. (Hi ha tamb\u00e9 qui utilitza una tauleta, l&#8217;ordinador, un altre m\u00f2bil etc) <\/p>\n<p>2.- Prem a pujar foto a l&#8217;app al teu m\u00f2bil.<\/p>\n<p>3.- D\u00f3na-li els permisos de c\u00e0mera que et demana l&#8217;app.<\/p>\n<p>4.- Sosten el paper o dispositiu on es veu el codi i fes-te un selfie amb el m\u00f2bil on tens l&#8217;app.<\/p>\n<p>5.- S&#8217;envia la foto directament i aix\u00ed la podem validar correctament.<\/p>\n<p>[\/et_pb_text][et_pb_image src=&#8221;https:\/\/zyrcled.com\/wp-content\/uploads\/2024\/08\/Verif2.jpg&#8221; title_text=&#8221;Verif2&#8243; _builder_version=&#8221;4.27.0&#8243; _module_preset=&#8221;default&#8221; hover_enabled=&#8221;0&#8243; global_colors_info=&#8221;{}&#8221; sticky_enabled=&#8221;0&#8243;][\/et_pb_image][\/et_pb_column][\/et_pb_row][\/et_pb_section]<\/p>\n","protected":false},"excerpt":{"rendered":"<p>Verifica el teu perfil &nbsp; Per verificar el vostre perfil, heu d&#8217;anar a l&#8217;app a la barra de navegaci\u00f3 de baix a perfil, despr\u00e9s l&#8217;opci\u00f3 verificar perfil. Dins de verificar perfil veur\u00e0s un codi de 10 xifres com aquest 6juTvHHSNv 1.- Apunta&#8217;l en un paper a boli i que es llegeixi ben clar. (Hi ha [&hellip;]<\/p>\n","protected":false},"author":1,"featured_media":0,"parent":0,"menu_order":0,"comment_status":"closed","ping_status":"closed","template":"","meta":{"_et_pb_use_builder":"on","_et_pb_old_content":"","_et_gb_content_width":"","footnotes":""},"class_list":["post-259020","page","type-page","status-publish","hentry"],"yoast_head":"<!-- This site is optimized with the Yoast SEO Premium plugin v22.8 (Yoast SEO v26.5) - https:\/\/yoast.com\/wordpress\/plugins\/seo\/ -->\n<title>Verificaci\u00f3 - Zyrcled<\/title>\n<meta name=\"robots\" content=\"index, follow, max-snippet:-1, max-image-preview:large, max-video-preview:-1\" \/>\n<link rel=\"canonical\" href=\"https:\/\/zyrcled.com\/ca\/verificacio\/\" \/>\n<meta property=\"og:locale\" content=\"ca_ES\" \/>\n<meta property=\"og:type\" content=\"article\" \/>\n<meta property=\"og:title\" content=\"Verificaci\u00f3\" \/>\n<meta property=\"og:description\" content=\"Verifica el teu perfil &nbsp; Per verificar el vostre perfil, heu d&#039;anar a l&#039;app a la barra de navegaci\u00f3 de baix a perfil, despr\u00e9s l&#039;opci\u00f3 verificar perfil. Dins de verificar perfil veur\u00e0s un codi de 10 xifres com aquest 6juTvHHSNv 1.- Apunta&#039;l en un paper a boli i que es llegeixi ben clar. (Hi ha [&hellip;]\" \/>\n<meta property=\"og:url\" content=\"https:\/\/zyrcled.com\/ca\/verificacio\/\" \/>\n<meta property=\"og:site_name\" content=\"Zyrcled\" \/>\n<meta property=\"article:modified_time\" content=\"2024-10-21T10:31:42+00:00\" \/>\n<meta property=\"og:image\" content=\"https:\/\/zyrcled.com\/wp-content\/uploads\/2024\/06\/Isotipo_morado_zyrcled.png\" \/>\n\t<meta property=\"og:image:width\" content=\"800\" \/>\n\t<meta property=\"og:image:height\" content=\"748\" \/>\n\t<meta property=\"og:image:type\" content=\"image\/png\" \/>\n<meta name=\"twitter:card\" content=\"summary_large_image\" \/>\n<meta name=\"twitter:label1\" content=\"Temps estimat de lectura\" \/>\n\t<meta name=\"twitter:data1\" content=\"1 minut\" \/>\n<script type=\"application\/ld+json\" class=\"yoast-schema-graph\">{\"@context\":\"https:\/\/schema.org\",\"@graph\":[{\"@type\":\"WebPage\",\"@id\":\"https:\/\/zyrcled.com\/ca\/verificacio\/\",\"url\":\"https:\/\/zyrcled.com\/ca\/verificacio\/\",\"name\":\"Verificaci\u00f3 - Zyrcled\",\"isPartOf\":{\"@id\":\"https:\/\/zyrcled.com\/ca\/#website\"},\"datePublished\":\"2024-08-18T19:39:09+00:00\",\"dateModified\":\"2024-10-21T10:31:42+00:00\",\"breadcrumb\":{\"@id\":\"https:\/\/zyrcled.com\/ca\/verificacio\/#breadcrumb\"},\"inLanguage\":\"ca\",\"potentialAction\":[{\"@type\":\"ReadAction\",\"target\":[\"https:\/\/zyrcled.com\/ca\/verificacio\/\"]}]},{\"@type\":\"BreadcrumbList\",\"@id\":\"https:\/\/zyrcled.com\/ca\/verificacio\/#breadcrumb\",\"itemListElement\":[{\"@type\":\"ListItem\",\"position\":1,\"name\":\"Portada\",\"item\":\"https:\/\/zyrcled.com\/ca\/\"},{\"@type\":\"ListItem\",\"position\":2,\"name\":\"Verificaci\u00f3\"}]},{\"@type\":\"WebSite\",\"@id\":\"https:\/\/zyrcled.com\/ca\/#website\",\"url\":\"https:\/\/zyrcled.com\/ca\/\",\"name\":\"Zyrcled\",\"description\":\"Zyrcled app de citas espa\u00f1ola liberal\",\"publisher\":{\"@id\":\"https:\/\/zyrcled.com\/ca\/#organization\"},\"alternateName\":\"App de citas Zyrcled\",\"potentialAction\":[{\"@type\":\"SearchAction\",\"target\":{\"@type\":\"EntryPoint\",\"urlTemplate\":\"https:\/\/zyrcled.com\/ca\/?s={search_term_string}\"},\"query-input\":{\"@type\":\"PropertyValueSpecification\",\"valueRequired\":true,\"valueName\":\"search_term_string\"}}],\"inLanguage\":\"ca\"},{\"@type\":\"Organization\",\"@id\":\"https:\/\/zyrcled.com\/ca\/#organization\",\"name\":\"Zyrcled Social Group\",\"url\":\"https:\/\/zyrcled.com\/ca\/\",\"logo\":{\"@type\":\"ImageObject\",\"inLanguage\":\"ca\",\"@id\":\"https:\/\/zyrcled.com\/ca\/#\/schema\/logo\/image\/\",\"url\":\"https:\/\/zyrcled.com\/wp-content\/uploads\/2024\/06\/Isotipo_morado_zyrcled.png\",\"contentUrl\":\"https:\/\/zyrcled.com\/wp-content\/uploads\/2024\/06\/Isotipo_morado_zyrcled.png\",\"width\":800,\"height\":748,\"caption\":\"Zyrcled Social Group\"},\"image\":{\"@id\":\"https:\/\/zyrcled.com\/ca\/#\/schema\/logo\/image\/\"},\"sameAs\":[\"https:\/\/www.linkedin.com\/company\/zyrcled-sl\/?originalSubdomain=es\",\"https:\/\/www.youtube.com\/channel\/UCFjPyc4fMOxwJD81OJjpnpg\",\"https:\/\/www.instagram.com\/zyrcled\/\"],\"description\":\"Zyrcled, una app de citas nacida en Espa\u00f1a, dise\u00f1ada por mujeres que lidera un movimiento de liberaci\u00f3n sexual femenina y la sexualidad liberal.\",\"email\":\"lydia@zyrcled.com\",\"legalName\":\"Zyrcled Social Group\"}]}<\/script>\n<!-- \/ Yoast SEO Premium plugin. -->","yoast_head_json":{"title":"Verificaci\u00f3 - Zyrcled","robots":{"index":"index","follow":"follow","max-snippet":"max-snippet:-1","max-image-preview":"max-image-preview:large","max-video-preview":"max-video-preview:-1"},"canonical":"https:\/\/zyrcled.com\/ca\/verificacio\/","og_locale":"ca_ES","og_type":"article","og_title":"Verificaci\u00f3","og_description":"Verifica el teu perfil &nbsp; Per verificar el vostre perfil, heu d'anar a l'app a la barra de navegaci\u00f3 de baix a perfil, despr\u00e9s l'opci\u00f3 verificar perfil. Dins de verificar perfil veur\u00e0s un codi de 10 xifres com aquest 6juTvHHSNv 1.- Apunta'l en un paper a boli i que es llegeixi ben clar. (Hi ha [&hellip;]","og_url":"https:\/\/zyrcled.com\/ca\/verificacio\/","og_site_name":"Zyrcled","article_modified_time":"2024-10-21T10:31:42+00:00","og_image":[{"width":800,"height":748,"url":"https:\/\/zyrcled.com\/wp-content\/uploads\/2024\/06\/Isotipo_morado_zyrcled.png","type":"image\/png"}],"twitter_card":"summary_large_image","twitter_misc":{"Temps estimat de lectura":"1 minut"},"schema":{"@context":"https:\/\/schema.org","@graph":[{"@type":"WebPage","@id":"https:\/\/zyrcled.com\/ca\/verificacio\/","url":"https:\/\/zyrcled.com\/ca\/verificacio\/","name":"Verificaci\u00f3 - Zyrcled","isPartOf":{"@id":"https:\/\/zyrcled.com\/ca\/#website"},"datePublished":"2024-08-18T19:39:09+00:00","dateModified":"2024-10-21T10:31:42+00:00","breadcrumb":{"@id":"https:\/\/zyrcled.com\/ca\/verificacio\/#breadcrumb"},"inLanguage":"ca","potentialAction":[{"@type":"ReadAction","target":["https:\/\/zyrcled.com\/ca\/verificacio\/"]}]},{"@type":"BreadcrumbList","@id":"https:\/\/zyrcled.com\/ca\/verificacio\/#breadcrumb","itemListElement":[{"@type":"ListItem","position":1,"name":"Portada","item":"https:\/\/zyrcled.com\/ca\/"},{"@type":"ListItem","position":2,"name":"Verificaci\u00f3"}]},{"@type":"WebSite","@id":"https:\/\/zyrcled.com\/ca\/#website","url":"https:\/\/zyrcled.com\/ca\/","name":"Zyrcled","description":"Zyrcled app de citas espa\u00f1ola liberal","publisher":{"@id":"https:\/\/zyrcled.com\/ca\/#organization"},"alternateName":"App de citas Zyrcled","potentialAction":[{"@type":"SearchAction","target":{"@type":"EntryPoint","urlTemplate":"https:\/\/zyrcled.com\/ca\/?s={search_term_string}"},"query-input":{"@type":"PropertyValueSpecification","valueRequired":true,"valueName":"search_term_string"}}],"inLanguage":"ca"},{"@type":"Organization","@id":"https:\/\/zyrcled.com\/ca\/#organization","name":"Zyrcled Social Group","url":"https:\/\/zyrcled.com\/ca\/","logo":{"@type":"ImageObject","inLanguage":"ca","@id":"https:\/\/zyrcled.com\/ca\/#\/schema\/logo\/image\/","url":"https:\/\/zyrcled.com\/wp-content\/uploads\/2024\/06\/Isotipo_morado_zyrcled.png","contentUrl":"https:\/\/zyrcled.com\/wp-content\/uploads\/2024\/06\/Isotipo_morado_zyrcled.png","width":800,"height":748,"caption":"Zyrcled Social Group"},"image":{"@id":"https:\/\/zyrcled.com\/ca\/#\/schema\/logo\/image\/"},"sameAs":["https:\/\/www.linkedin.com\/company\/zyrcled-sl\/?originalSubdomain=es","https:\/\/www.youtube.com\/channel\/UCFjPyc4fMOxwJD81OJjpnpg","https:\/\/www.instagram.com\/zyrcled\/"],"description":"Zyrcled, una app de citas nacida en Espa\u00f1a, dise\u00f1ada por mujeres que lidera un movimiento de liberaci\u00f3n sexual femenina y la sexualidad liberal.","email":"lydia@zyrcled.com","legalName":"Zyrcled Social Group"}]}},"_links":{"self":[{"href":"https:\/\/zyrcled.com\/ca\/wp-json\/wp\/v2\/pages\/259020","targetHints":{"allow":["GET"]}}],"collection":[{"href":"https:\/\/zyrcled.com\/ca\/wp-json\/wp\/v2\/pages"}],"about":[{"href":"https:\/\/zyrcled.com\/ca\/wp-json\/wp\/v2\/types\/page"}],"author":[{"embeddable":true,"href":"https:\/\/zyrcled.com\/ca\/wp-json\/wp\/v2\/users\/1"}],"replies":[{"embeddable":true,"href":"https:\/\/zyrcled.com\/ca\/wp-json\/wp\/v2\/comments?post=259020"}],"version-history":[{"count":2,"href":"https:\/\/zyrcled.com\/ca\/wp-json\/wp\/v2\/pages\/259020\/revisions"}],"predecessor-version":[{"id":259023,"href":"https:\/\/zyrcled.com\/ca\/wp-json\/wp\/v2\/pages\/259020\/revisions\/259023"}],"wp:attachment":[{"href":"https:\/\/zyrcled.com\/ca\/wp-json\/wp\/v2\/media?parent=259020"}],"curies":[{"name":"wp","href":"https:\/\/api.w.org\/{rel}","templated":true}]}}