{"id":258803,"date":"2024-05-15T12:49:39","date_gmt":"2024-05-15T10:49:39","guid":{"rendered":"https:\/\/zyrcled.com\/informacio\/"},"modified":"2024-07-04T21:01:54","modified_gmt":"2024-07-04T19:01:54","slug":"informacio","status":"publish","type":"page","link":"https:\/\/zyrcled.com\/ca\/informacio\/","title":{"rendered":"Informaci\u00f3"},"content":{"rendered":"<p>[et_pb_section fb_built=&#8221;1&#8243; admin_label=&#8221;section&#8221; _builder_version=&#8221;4.16&#8243; global_colors_info=&#8221;{}&#8221;][et_pb_row admin_label=&#8221;row&#8221; _builder_version=&#8221;4.16&#8243; background_size=&#8221;initial&#8221; background_position=&#8221;top_left&#8221; background_repeat=&#8221;repeat&#8221; global_colors_info=&#8221;{}&#8221;][et_pb_column type=&#8221;4_4&#8243; _builder_version=&#8221;4.16&#8243; custom_padding=&#8221;|||&#8221; global_colors_info=&#8221;{}&#8221; custom_padding__hover=&#8221;|||&#8221;][et_pb_divider show_divider=&#8221;off&#8221; _builder_version=&#8221;4.25.2&#8243; _module_preset=&#8221;default&#8221; custom_margin=&#8221;||51px||false|false&#8221; custom_margin_tablet=&#8221;||51px||false|false&#8221; custom_margin_phone=&#8221;||-25px||false|false&#8221; custom_margin_last_edited=&#8221;on|phone&#8221; global_colors_info=&#8221;{}&#8221;][\/et_pb_divider][et_pb_text admin_label=&#8221;Text&#8221; _builder_version=&#8221;4.25.2&#8243; text_font=&#8221;&#8211;et_global_body_font||||||||&#8221; text_line_height=&#8221;1.5em&#8221; header_font=&#8221;&#8211;et_global_heading_font||||||||&#8221; header_font_size=&#8221;28px&#8221; header_2_font=&#8221;|600|||||||&#8221; header_2_text_color=&#8221;#333333&#8243; header_2_font_size=&#8221;28px&#8221; header_2_line_height=&#8221;1.2em&#8221; header_5_font=&#8221;||||||||&#8221; background_size=&#8221;initial&#8221; background_position=&#8221;top_left&#8221; background_repeat=&#8221;repeat&#8221; custom_margin=&#8221;||50px||false|false&#8221; hover_enabled=&#8221;0&#8243; header_2_font_size_tablet=&#8221;30px&#8221; header_2_font_size_phone=&#8221;28px&#8221; header_2_font_size_last_edited=&#8221;on|phone&#8221; global_colors_info=&#8221;{}&#8221; sticky_enabled=&#8221;0&#8243;]<\/p>\n<p><!-- divi:heading --><\/p>\n<h2 class=\"wp-block-heading\">Avui fem un pas de gegant al m\u00f3n de les cites<\/h2>\n<p>&nbsp;<\/p>\n<p><!-- \/divi:heading --><\/p>\n<p><!-- divi:paragraph --><\/p>\n<p><!-- \/divi:paragraph --><\/p>\n<p style=\"text-align: justify;\"><!-- divi:paragraph -->A <a href=\"htps:\/\/zyrcled.com\">Zyrcled<\/a> , fas un pas gegant cap a una nova dimensi\u00f3 de les cites i l&#8217;exploraci\u00f3 sexual. Aqu\u00ed, tu, com a dona, prens les regnes. Per\u00f2 no es tracta nom\u00e9s de fer el primer pas com podria passar en altres aplicacions; es tracta de liderar cada aspecte de la teva experi\u00e8ncia sexual. Aqu\u00ed defineixes el desig, l&#8217;entorn, les circumst\u00e0ncies i les condicions de les trobades sexuals, exactament com prefereixis.<\/p>\n<p><!-- \/divi:paragraph --><\/p>\n<p style=\"text-align: justify;\"><!-- divi:paragraph -->A la nostra comunitat, no ets una m\u00e9s entre milers d&#8217;homes. Ets tu qui estableix les regles, assegura la teva seguretat i lidera la teva experi\u00e8ncia des del principi fins al final.  <strong>Zyrcled es distingeix pel comprom\u00eds amb la qualitat sobre la quantitat.<\/strong>  Oferim un espai segur on pots sortir i celebrar la teva sexualitat amb total llibertat, gaudint de respecte i seguretat com a norma, no com a excepci\u00f3.<\/p>\n<p style=\"text-align: justify;\"><!-- \/divi:paragraph --><\/p>\n<p style=\"text-align: justify;\"><!-- divi:paragraph -->T&#8217;agrada el sexe? A Zyrcled, ho celebrem amb tu. Sigui quina sigui la teva prefer\u00e8ncia: heterosexual, bisexual, trios, intercanvis, orgies, BDSM\u2026 tot gira al teu voltant. Perqu\u00e8 aqu\u00ed, el nostre objectiu \u00e9s trencar els tab\u00fas i acabar amb els prejudicis.<\/p>\n<p style=\"text-align: justify;\"><!-- \/divi:paragraph --><\/p>\n<p style=\"text-align: justify;\"><!-- divi:paragraph -->Aquest \u00e9s el moment per a una veritable revoluci\u00f3 sexual, una en qu\u00e8 el sexe consentit i segur et col\u00b7loca a tu, dona, al centre de tot.<\/p>\n<p style=\"text-align: justify;\"><!-- \/divi:paragraph --><\/p>\n<p style=\"text-align: justify;\"><!-- divi:paragraph -->\u00c9s hora d&#8217;admetre-ho: t&#8217;encanta el sexe en totes les maneres. I nosaltres t&#8217;oferim les eines perqu\u00e8 gaudeixis com vulguis, sempre sota els teus termes.<\/p>\n<p style=\"text-align: justify;\"><!-- \/divi:paragraph --><\/p>\n<p style=\"text-align: justify;\"><!-- divi:paragraph -->Tot i aix\u00f2, encara que tu tens les regnes a Zyrcled, volem que s\u00e0pigues que la nostra app \u00e9s un espai dissenyat perqu\u00e8 tots puguin gaudir lliurement. \u00c9s un lloc pensat per a dones, per\u00f2 totes les persones que vulguin fer-la servir tindran els mateixos drets i llibertats, \u00e9s un espai inclusiu on persones de tots els g\u00e8neres i orientacions sexuals s\u00f3n benvingudes a explorar i gaudir juntes. A Zyrcled, estem redefinint les cites sexuals, convidant-te a prendre el control de la teva vida sexual.<\/p>\n<p style=\"text-align: justify;\"><!-- \/divi:paragraph --><\/p>\n<p><!-- divi:paragraph -->\u00c9s el moment de prendre el control. Segueix la nostra activitat a <a href=\"https:\/\/www.instagram.com\/zyrcled\/\">Instagram<\/a><\/p>\n<p><!-- \/divi:paragraph --><\/p>\n<p><!-- divi:quote --><\/p>\n<blockquote class=\"wp-block-quote\">\n<p style=\"text-align: justify;\"><!-- divi:paragraph -->Estic profundament orgullosa de la comunitat que estem creant i l&#8217;espai segur que oferim per a l&#8217;exploraci\u00f3 sexual. En un mercat de cites saturat, Zyrcled emergeix no nom\u00e9s com una opci\u00f3, sin\u00f3 com la primera elecci\u00f3 per als que cerquen una experi\u00e8ncia m\u00e9s aut\u00e8ntica, liberal, respectuosa i consensuada. Hem dissenyat la nostra aplicaci\u00f3 amb la visi\u00f3 d&#8217;apoderar les dones perqu\u00e8 prenguin les regnes de la seva vida sexual, mentre convidem tant dones com homes a gaudir lliurement en un entorn de respecte mutu i seguretat. Aix\u00f2 ens distingeix i ens posiciona com a l\u00edders a la revoluci\u00f3 sexual. El nostre comprom\u00eds amb la qualitat, la seguretat i la inclusivitat \u00e9s el que fa que Zyrcled sigui un lloc \u00fanic per connectar, explorar i gaudir de la sexualitat sense tab\u00fas ni prejudicis. \u00c9s un honor per a mi liderar aquest canvi i continuar avan\u00e7ant cap a una comunitat on cada persona pugui viure la seva sexualitat plenament i sense por. Marcarem la difer\u00e8ncia.<\/p>\n<h5 style=\"text-align: justify;\"><\/h5>\n<h5><!-- \/divi:paragraph --><em><cite>Lydia Vargas CEO<\/cite><\/em><\/h5>\n<\/blockquote>\n<p><!-- \/divi:quote --><\/p>\n<p>[\/et_pb_text][\/et_pb_column][\/et_pb_row][et_pb_row _builder_version=&#8221;4.25.1&#8243; _module_preset=&#8221;default&#8221; global_colors_info=&#8221;{}&#8221;][et_pb_column type=&#8221;4_4&#8243; _builder_version=&#8221;4.25.1&#8243; _module_preset=&#8221;default&#8221; global_colors_info=&#8221;{}&#8221;][et_pb_text _builder_version=&#8221;4.25.1&#8243; _module_preset=&#8221;default&#8221; header_font=&#8221;|600|||||||&#8221; header_text_color=&#8221;#333333&#8243; header_font_size=&#8221;28px&#8221; header_line_height=&#8221;1.2em&#8221; header_2_font_size=&#8221;28px&#8221; header_font_size_tablet=&#8221;&#8221; header_font_size_phone=&#8221;28px&#8221; header_font_size_last_edited=&#8221;on|phone&#8221; global_colors_info=&#8221;{}&#8221;]<\/p>\n<h1>Per qu\u00e8 escollir Zyrcled per a la teva experi\u00e8ncia al m\u00f3n de les cites?<\/h1>\n<p>[\/et_pb_text][\/et_pb_column][\/et_pb_row][et_pb_row column_structure=&#8221;1_2,1_2&#8243; _builder_version=&#8221;4.25.1&#8243; _module_preset=&#8221;default&#8221; global_colors_info=&#8221;{}&#8221;][et_pb_column type=&#8221;1_2&#8243; _builder_version=&#8221;4.25.1&#8243; _module_preset=&#8221;default&#8221; global_colors_info=&#8221;{}&#8221;][et_pb_image src=&#8221;https:\/\/zyrcled.com\/wp-content\/uploads\/2024\/05\/Zyrcled.jpg&#8221; title_text=&#8221;Zyrcled&#8221; _builder_version=&#8221;4.25.1&#8243; _module_preset=&#8221;default&#8221; global_colors_info=&#8221;{}&#8221;][\/et_pb_image][\/et_pb_column][et_pb_column type=&#8221;1_2&#8243; _builder_version=&#8221;4.25.1&#8243; _module_preset=&#8221;default&#8221; global_colors_info=&#8221;{}&#8221;][et_pb_text _builder_version=&#8221;4.25.1&#8243; _module_preset=&#8221;default&#8221; global_colors_info=&#8221;{}&#8221;]<\/p>\n<h3><span style=\"text-align: justify;\">Reflexions<\/span><\/h3>\n<p><span style=\"text-align: justify;\"><\/span><\/p>\n<p><span style=\"text-align: justify;\">En un panorama de cites digitals saturat, on les aplicacions m\u00e9s populars sovint recorren a l&#8217;\u00fas de bots que desvirtuen les interaccions genu\u00efnes i no tenen mesures eficaces de seguretat i confian\u00e7a, optar per Zyrcled significa triar una comunitat que prioritza el respecte mutu, la inclusi\u00f3 , la seguretat i la llibertat sexual.  <\/span><\/p>\n<p><span style=\"text-align: justify;\">Aqu\u00ed, t&#8217;embarques en una aventura emocionant, coneixent persones que comparteixen el teu anhel per connexions aut\u00e8ntiques i significatives.<\/span><\/p>\n<div class=\"flex flex-col px-5 py-1 pr-10\">\n<div class=\"transition-opacity duration-200 group relative w-auto max-w-full text-small @4xl:text-body @md:max-w-[90%] @4xl:max-w-[85%] break-words whitespace-pre-wrap flex flex-col space-y-1 @md:space-y-2 incoming self-start items-start\" data-testid=\"chat-message-jasper\">\n<div id=\"message--Nxvww_rrelENdip7LgT\" class=\"max-w-full border rounded-2xl py-1.5 px-2.5 sm:px-6 relative space-y-4 w-full @md:w-auto border-gray-300 py-4\">\n<div class=\"break-words markdown-formatted-text\">\n<p class=\"py-1.5 [&amp;_br]:block [&amp;_br]:py-1.5 [&amp;_br]:content-['']\" style=\"text-align: justify;\">A Zyrcled, la selecci\u00f3 precedeix el lliscament. Aix\u00f2 assegura que les intencions dels que coincideixin amb tu ressonaran amb les teves, promovent trobades m\u00e9s intencionals i profundes.<\/p>\n<p class=\"py-1.5 [&amp;_br]:block [&amp;_br]:py-1.5 [&amp;_br]:content-['']\" style=\"text-align: justify;\">Si el que busques transcendeix els contactes superficials, si desitges experi\u00e8ncies reals en un entorn que celebra la teva autonomia i plaer, Zyrcled \u00e9s el lloc per a tu.<\/p>\n<p class=\"py-1.5 [&amp;_br]:block [&amp;_br]:py-1.5 [&amp;_br]:content-['']\" style=\"text-align: justify;\">A m\u00e9s, ser part de Zyrcled t&#8217;involucra en un moviment revolucionari d&#8217;alliberament sexual, marcant l&#8217;inici d&#8217;un canvi mundial cap a una obertura i acceptaci\u00f3 m\u00e9s grans.<\/p>\n<\/div>\n<\/div>\n<\/div>\n<\/div>\n<p>[\/et_pb_text][\/et_pb_column][\/et_pb_row][et_pb_row _builder_version=&#8221;4.25.1&#8243; _module_preset=&#8221;default&#8221; global_colors_info=&#8221;{}&#8221;][et_pb_column type=&#8221;4_4&#8243; _builder_version=&#8221;4.25.1&#8243; _module_preset=&#8221;default&#8221; global_colors_info=&#8221;{}&#8221;][et_pb_divider show_divider=&#8221;off&#8221; _builder_version=&#8221;4.25.1&#8243; _module_preset=&#8221;default&#8221; custom_margin=&#8221;40px||||false|false&#8221; global_colors_info=&#8221;{}&#8221;][\/et_pb_divider][\/et_pb_column][\/et_pb_row][\/et_pb_section]<\/p>\n","protected":false},"excerpt":{"rendered":"<p>Avui fem un pas de gegant al m\u00f3n de les cites &nbsp; A Zyrcled , fas un pas gegant cap a una nova dimensi\u00f3 de les cites i l&#8217;exploraci\u00f3 sexual. Aqu\u00ed, tu, com a dona, prens les regnes. Per\u00f2 no es tracta nom\u00e9s de fer el primer pas com podria passar en altres aplicacions; es [&hellip;]<\/p>\n","protected":false},"author":2,"featured_media":0,"parent":0,"menu_order":0,"comment_status":"closed","ping_status":"closed","template":"","meta":{"_et_pb_use_builder":"on","_et_pb_old_content":"","_et_gb_content_width":"","footnotes":""},"class_list":["post-258803","page","type-page","status-publish","hentry"],"yoast_head":"<!-- This site is optimized with the Yoast SEO Premium plugin v22.8 (Yoast SEO v26.5) - https:\/\/yoast.com\/wordpress\/plugins\/seo\/ -->\n<title>Informaci\u00f3 - Zyrcled P\u00e0gina de cites liberal. Parelles, fins a trios i m\u00e9s enll\u00e0.<\/title>\n<meta name=\"description\" content=\"Per qu\u00e8 escollir Zyrcled com a app cites? Zyrcled vol dir triar el respecte, la inclusi\u00f3, la seguretat i la llibertat sexual.\" \/>\n<meta name=\"robots\" content=\"index, follow, max-snippet:-1, max-image-preview:large, max-video-preview:-1\" \/>\n<link rel=\"canonical\" href=\"https:\/\/zyrcled.com\/ca\/informacio\/\" \/>\n<meta property=\"og:locale\" content=\"ca_ES\" \/>\n<meta property=\"og:type\" content=\"article\" \/>\n<meta property=\"og:title\" content=\"Informaci\u00f3\" \/>\n<meta property=\"og:description\" content=\"Per qu\u00e8 escollir Zyrcled com a app cites? Zyrcled vol dir triar el respecte, la inclusi\u00f3, la seguretat i la llibertat sexual.\" \/>\n<meta property=\"og:url\" content=\"https:\/\/zyrcled.com\/ca\/informacio\/\" \/>\n<meta property=\"og:site_name\" content=\"Zyrcled\" \/>\n<meta property=\"article:modified_time\" content=\"2024-07-04T19:01:54+00:00\" \/>\n<meta property=\"og:image\" content=\"https:\/\/zyrcled.com\/wp-content\/uploads\/2024\/06\/Isotipo_morado_zyrcled.png\" \/>\n\t<meta property=\"og:image:width\" content=\"800\" \/>\n\t<meta property=\"og:image:height\" content=\"748\" \/>\n\t<meta property=\"og:image:type\" content=\"image\/png\" \/>\n<meta name=\"twitter:card\" content=\"summary_large_image\" \/>\n<meta name=\"twitter:label1\" content=\"Temps estimat de lectura\" \/>\n\t<meta name=\"twitter:data1\" content=\"6 minuts\" \/>\n<script type=\"application\/ld+json\" class=\"yoast-schema-graph\">{\"@context\":\"https:\/\/schema.org\",\"@graph\":[{\"@type\":\"WebPage\",\"@id\":\"https:\/\/zyrcled.com\/ca\/informacio\/\",\"url\":\"https:\/\/zyrcled.com\/ca\/informacio\/\",\"name\":\"Informaci\u00f3 - Zyrcled P\u00e0gina de cites liberal. Parelles, fins a trios i m\u00e9s enll\u00e0.\",\"isPartOf\":{\"@id\":\"https:\/\/zyrcled.com\/ca\/#website\"},\"datePublished\":\"2024-05-15T10:49:39+00:00\",\"dateModified\":\"2024-07-04T19:01:54+00:00\",\"description\":\"Per qu\u00e8 escollir Zyrcled com a app cites? Zyrcled vol dir triar el respecte, la inclusi\u00f3, la seguretat i la llibertat sexual.\",\"breadcrumb\":{\"@id\":\"https:\/\/zyrcled.com\/ca\/informacio\/#breadcrumb\"},\"inLanguage\":\"ca\",\"potentialAction\":[{\"@type\":\"ReadAction\",\"target\":[\"https:\/\/zyrcled.com\/ca\/informacio\/\"]}]},{\"@type\":\"BreadcrumbList\",\"@id\":\"https:\/\/zyrcled.com\/ca\/informacio\/#breadcrumb\",\"itemListElement\":[{\"@type\":\"ListItem\",\"position\":1,\"name\":\"Portada\",\"item\":\"https:\/\/zyrcled.com\/ca\/\"},{\"@type\":\"ListItem\",\"position\":2,\"name\":\"Informaci\u00f3\"}]},{\"@type\":\"WebSite\",\"@id\":\"https:\/\/zyrcled.com\/ca\/#website\",\"url\":\"https:\/\/zyrcled.com\/ca\/\",\"name\":\"Zyrcled\",\"description\":\"Zyrcled app de citas espa\u00f1ola liberal\",\"publisher\":{\"@id\":\"https:\/\/zyrcled.com\/ca\/#organization\"},\"alternateName\":\"App de citas Zyrcled\",\"potentialAction\":[{\"@type\":\"SearchAction\",\"target\":{\"@type\":\"EntryPoint\",\"urlTemplate\":\"https:\/\/zyrcled.com\/ca\/?s={search_term_string}\"},\"query-input\":{\"@type\":\"PropertyValueSpecification\",\"valueRequired\":true,\"valueName\":\"search_term_string\"}}],\"inLanguage\":\"ca\"},{\"@type\":\"Organization\",\"@id\":\"https:\/\/zyrcled.com\/ca\/#organization\",\"name\":\"Zyrcled Social Group\",\"url\":\"https:\/\/zyrcled.com\/ca\/\",\"logo\":{\"@type\":\"ImageObject\",\"inLanguage\":\"ca\",\"@id\":\"https:\/\/zyrcled.com\/ca\/#\/schema\/logo\/image\/\",\"url\":\"https:\/\/zyrcled.com\/wp-content\/uploads\/2024\/06\/Isotipo_morado_zyrcled.png\",\"contentUrl\":\"https:\/\/zyrcled.com\/wp-content\/uploads\/2024\/06\/Isotipo_morado_zyrcled.png\",\"width\":800,\"height\":748,\"caption\":\"Zyrcled Social Group\"},\"image\":{\"@id\":\"https:\/\/zyrcled.com\/ca\/#\/schema\/logo\/image\/\"},\"sameAs\":[\"https:\/\/www.linkedin.com\/company\/zyrcled-sl\/?originalSubdomain=es\",\"https:\/\/www.youtube.com\/channel\/UCFjPyc4fMOxwJD81OJjpnpg\",\"https:\/\/www.instagram.com\/zyrcled\/\"],\"description\":\"Zyrcled, una app de citas nacida en Espa\u00f1a, dise\u00f1ada por mujeres que lidera un movimiento de liberaci\u00f3n sexual femenina y la sexualidad liberal.\",\"email\":\"lydia@zyrcled.com\",\"legalName\":\"Zyrcled Social Group\"}]}<\/script>\n<!-- \/ Yoast SEO Premium plugin. -->","yoast_head_json":{"title":"Informaci\u00f3 - Zyrcled P\u00e0gina de cites liberal. Parelles, fins a trios i m\u00e9s enll\u00e0.","description":"Per qu\u00e8 escollir Zyrcled com a app cites? Zyrcled vol dir triar el respecte, la inclusi\u00f3, la seguretat i la llibertat sexual.","robots":{"index":"index","follow":"follow","max-snippet":"max-snippet:-1","max-image-preview":"max-image-preview:large","max-video-preview":"max-video-preview:-1"},"canonical":"https:\/\/zyrcled.com\/ca\/informacio\/","og_locale":"ca_ES","og_type":"article","og_title":"Informaci\u00f3","og_description":"Per qu\u00e8 escollir Zyrcled com a app cites? Zyrcled vol dir triar el respecte, la inclusi\u00f3, la seguretat i la llibertat sexual.","og_url":"https:\/\/zyrcled.com\/ca\/informacio\/","og_site_name":"Zyrcled","article_modified_time":"2024-07-04T19:01:54+00:00","og_image":[{"width":800,"height":748,"url":"https:\/\/zyrcled.com\/wp-content\/uploads\/2024\/06\/Isotipo_morado_zyrcled.png","type":"image\/png"}],"twitter_card":"summary_large_image","twitter_misc":{"Temps estimat de lectura":"6 minuts"},"schema":{"@context":"https:\/\/schema.org","@graph":[{"@type":"WebPage","@id":"https:\/\/zyrcled.com\/ca\/informacio\/","url":"https:\/\/zyrcled.com\/ca\/informacio\/","name":"Informaci\u00f3 - Zyrcled P\u00e0gina de cites liberal. Parelles, fins a trios i m\u00e9s enll\u00e0.","isPartOf":{"@id":"https:\/\/zyrcled.com\/ca\/#website"},"datePublished":"2024-05-15T10:49:39+00:00","dateModified":"2024-07-04T19:01:54+00:00","description":"Per qu\u00e8 escollir Zyrcled com a app cites? Zyrcled vol dir triar el respecte, la inclusi\u00f3, la seguretat i la llibertat sexual.","breadcrumb":{"@id":"https:\/\/zyrcled.com\/ca\/informacio\/#breadcrumb"},"inLanguage":"ca","potentialAction":[{"@type":"ReadAction","target":["https:\/\/zyrcled.com\/ca\/informacio\/"]}]},{"@type":"BreadcrumbList","@id":"https:\/\/zyrcled.com\/ca\/informacio\/#breadcrumb","itemListElement":[{"@type":"ListItem","position":1,"name":"Portada","item":"https:\/\/zyrcled.com\/ca\/"},{"@type":"ListItem","position":2,"name":"Informaci\u00f3"}]},{"@type":"WebSite","@id":"https:\/\/zyrcled.com\/ca\/#website","url":"https:\/\/zyrcled.com\/ca\/","name":"Zyrcled","description":"Zyrcled app de citas espa\u00f1ola liberal","publisher":{"@id":"https:\/\/zyrcled.com\/ca\/#organization"},"alternateName":"App de citas Zyrcled","potentialAction":[{"@type":"SearchAction","target":{"@type":"EntryPoint","urlTemplate":"https:\/\/zyrcled.com\/ca\/?s={search_term_string}"},"query-input":{"@type":"PropertyValueSpecification","valueRequired":true,"valueName":"search_term_string"}}],"inLanguage":"ca"},{"@type":"Organization","@id":"https:\/\/zyrcled.com\/ca\/#organization","name":"Zyrcled Social Group","url":"https:\/\/zyrcled.com\/ca\/","logo":{"@type":"ImageObject","inLanguage":"ca","@id":"https:\/\/zyrcled.com\/ca\/#\/schema\/logo\/image\/","url":"https:\/\/zyrcled.com\/wp-content\/uploads\/2024\/06\/Isotipo_morado_zyrcled.png","contentUrl":"https:\/\/zyrcled.com\/wp-content\/uploads\/2024\/06\/Isotipo_morado_zyrcled.png","width":800,"height":748,"caption":"Zyrcled Social Group"},"image":{"@id":"https:\/\/zyrcled.com\/ca\/#\/schema\/logo\/image\/"},"sameAs":["https:\/\/www.linkedin.com\/company\/zyrcled-sl\/?originalSubdomain=es","https:\/\/www.youtube.com\/channel\/UCFjPyc4fMOxwJD81OJjpnpg","https:\/\/www.instagram.com\/zyrcled\/"],"description":"Zyrcled, una app de citas nacida en Espa\u00f1a, dise\u00f1ada por mujeres que lidera un movimiento de liberaci\u00f3n sexual femenina y la sexualidad liberal.","email":"lydia@zyrcled.com","legalName":"Zyrcled Social Group"}]}},"_links":{"self":[{"href":"https:\/\/zyrcled.com\/ca\/wp-json\/wp\/v2\/pages\/258803","targetHints":{"allow":["GET"]}}],"collection":[{"href":"https:\/\/zyrcled.com\/ca\/wp-json\/wp\/v2\/pages"}],"about":[{"href":"https:\/\/zyrcled.com\/ca\/wp-json\/wp\/v2\/types\/page"}],"author":[{"embeddable":true,"href":"https:\/\/zyrcled.com\/ca\/wp-json\/wp\/v2\/users\/2"}],"replies":[{"embeddable":true,"href":"https:\/\/zyrcled.com\/ca\/wp-json\/wp\/v2\/comments?post=258803"}],"version-history":[{"count":2,"href":"https:\/\/zyrcled.com\/ca\/wp-json\/wp\/v2\/pages\/258803\/revisions"}],"predecessor-version":[{"id":258805,"href":"https:\/\/zyrcled.com\/ca\/wp-json\/wp\/v2\/pages\/258803\/revisions\/258805"}],"wp:attachment":[{"href":"https:\/\/zyrcled.com\/ca\/wp-json\/wp\/v2\/media?parent=258803"}],"curies":[{"name":"wp","href":"https:\/\/api.w.org\/{rel}","templated":true}]}}